{"id":16665,"date":"2021-09-17T08:49:24","date_gmt":"2021-09-17T05:49:24","guid":{"rendered":"https:\/\/www.sweco.fi\/?page_id=16665"},"modified":"2026-02-11T11:55:58","modified_gmt":"2026-02-11T09:55:58","slug":"working-at-sweco","status":"publish","type":"page","link":"https:\/\/www.sweco.fi\/en\/career\/working-at-sweco\/","title":{"rendered":"Working at Sweco"},"content":{"rendered":"<section class=\"block page-intro page-intro--big page-intro--bg\" >\n\t\t\t<div class=\"page-intro__layout\" >\n\t\t\t<img width=\"1680\" height=\"800\" src=\"https:\/\/www.sweco.fi\/wp-content\/uploads\/sites\/7\/2023\/10\/Turku_1680x1000-1680x800.jpg\" class=\"page-intro__bg-img\" alt=\"\" fetchpriority=\"high\" decoding=\"async\" sizes=\"(max-width: 767px) 1080px, 1920px\" \/>\t\t\t<div class=\"block__inner page-intro__inner page-intro__inner--top\">\n\t\t\t\t<div class=\"col--11\">\n\t\t\t\t\t<div class=\"editor-content editor-content--white editor-content--top col--5\">\n\t\t\t\t\t\t<div class=\"editor-content__inner \">\n\t\t\t\t\t\t\t\t\t\t\t\t\t\t\t\t\t\t\t\t\t\t\t\t\t\t\t<\/div>\n\t\t\t\t\t<\/div>\n\t\t\t\t<\/div>\n\t\t\t<\/div>\n\t\t<\/div>\n\t\n\t\t\n\t<\/section>\n\n<section class=\"block cb block--white\" >\n\t<div class=\"block__inner cb__inner cb__inner--title-block\">\n\t<div class=\"col--11 col--start col--wrapper editor-content\">\n\t\t\t\t\t<div class=\"col col--5\">\n\t\t\t\t<h1 class=\"h1 hyphenate\">Working at sweco<\/h1>\t\t\t<\/div>\n\t\t\n\t\t\t\t\t<div class=\"col col--4 push--1\">\n\t\t\t\t<p><h4>Approachable and committed people are the core of our business. We want to take good care of them.<\/h4>\n<h4>Read 10 different perspectives!<\/h4>\n<\/p>\n\t\t\t\t\t\t\t<\/div>\n\t\t\n\t<\/div>\n<\/div><div class=\"block__inner cb__inner cb__inner--one\">\n\t<div class=\"col--12 col--center col--wrapper\">\n\t\t<div class=\"col col--6 editor-content\">\n\t\t\t<ol>\n<li><strong>Straightforward working methods.<\/strong>\u00a0We have a low level of hierarchy, or as people at Sweco like to put it, a flat organisation. Our teams are at the heart of decision-making. Employees are able to focus on projects and design work.<\/li>\n<li><strong>Leading experts.<\/strong>\u00a0When we ask what\u2019s the best thing about working at Sweco, the number one answer is great and smart colleagues. Our company houses vast amounts of different expertise \u2013 networking within the company is well worth it!<\/li>\n<li><strong>Doing work that counts.<\/strong> At Sweco, you are involved in plans and designs that impact society and the built environment for decades to come. We publish the Urban Insight reports on sustainable urban development <a href=\"https:\/\/www.swecourbaninsight.com\/\">https:\/\/www.swecourbaninsight.com\/<\/a>. We take a public stand on what will constitute safe and sustainable everyday life in the cities of the future.<\/li>\n<li><strong>The world is open to you.<\/strong> There are a total of 23 000 Sweco employees across Europe and 3,300 people in Finland. Our international organisation provides opportunities to work abroad \u2013 or change location within Finland according to your personal needs.<\/li>\n<li><strong>Pioneering development.<\/strong>\u00a0Future environments are undergoing continuous change. Therefore, we must also keep changing and keep one step ahead.\u00a0Digitalisation and intelligent tools\u00a0form part of the designers\u2019 everyday work at Sweco. We continuously develop our operations and adopt new tools and methods.<\/li>\n<li><strong>Your own career path.<\/strong>\u00a0A large company supports different career paths. You can progress from a designer to a project manager \u2013 or if you desire new tasks \u2013 we can offer you an opportunity to work in another line of business. We also support personal development: Sweco Academy offers a wide range of training sessions including popular courses for supervisors and project managers. In return, we expect you to be curious and motivated to learn new things.<\/li>\n<li><strong>Interesting projects.<\/strong>\u00a0We are involved in a range of projects of different sizes in Finland and abroad.\u00a0<a href=\"https:\/\/www.sweco.fi\/en\/projects\/\">Read more about our references.<\/a><\/li>\n<li><strong>Working from the summer cottage?\u00a0<\/strong>We are a flexible employer. We support remote working opportunities and the smooth combination of working and private life.<\/li>\n<li><strong>Are you curious?<\/strong>\u00a0So are we! Curiosity is one of Sweco\u2019s values that we hold dear. Great things are achieved when we combine engineering with curiosity.<\/li>\n<li><strong>Need a coffee break?<\/strong>\u00a0Sweco offers its employees free coffees, lunch benefits and many other benefits appreciated by our employees.<\/li>\n<\/ol>\n\t\t<\/div>\n\t<\/div>\n<\/div>\n<\/section>\n\n\n<section class=\"block ocb ocb--right\" >\n    <div class=\"block__inner ocb__inner editor-content\">\n\n    \t\n\t\t<div class=\"col--4 ocb__content\">\n\t\t\t\t\t\t<h4>The circular economy as a passion<\/h4>\n<p>Our cycling economy and energy expert and department manager\u00a0<strong>Leena Pirhonen<\/strong>\u00a0is excited about new types of circular economy solutions. \u201cWith Sweco, you can be yourself and also bring your own dreams to the design work. If you want to plan for a better tomorrow, Sweco is just the right place. \u201d<\/p>\n\t\t\t\t\t<\/div>\n\n        <div class=\"col--9 ocb__media\">\n\t\t\t<div class=\"ocb__embed\" ><div class=\"embed-container\"><iframe loading=\"lazy\" title=\"Leena Pirhonen - Circular economy expert at Sweco\" width=\"640\" height=\"360\" src=\"\" data-src-defer=\"https:\/\/www.youtube.com\/embed\/hatXsyXBFHg?feature=oembed\" frameborder=\"0\" allow=\"accelerometer; autoplay; clipboard-write; encrypted-media; gyroscope; picture-in-picture; web-share\" allowfullscreen><\/iframe><\/div><\/div>        <\/div>\n    <\/div>\n<\/section>\n\n<section class=\"block ocb ocb--left\" >\n    <div class=\"block__inner ocb__inner editor-content\">\n\n    \t\n\t\t<div class=\"col--4 ocb__content\">\n\t\t\t\t\t\t<h4>Energy efficiency and lower carbon footprint of properties<\/h4>\n<p><strong>Jesse Kantola<\/strong> does make valuable work \u200b. Through his work, he contributes to the carbon footprint and energy efficiency of properties. In his free time, he moves in nature and feels that work and leisure stay well balanced even at a distance.<\/p>\n\t\t\t\t\t<\/div>\n\n        <div class=\"col--9 ocb__media\">\n\t\t\t<div class=\"ocb__embed\" ><iframe loading=\"lazy\" title=\"Energy efficiency and a lower carbon footprint - Jesse Kantola\" width=\"640\" height=\"360\" src=\"\" data-src-defer=\"https:\/\/www.youtube.com\/embed\/HgVwjHoaCrI?feature=oembed\" frameborder=\"0\" allow=\"accelerometer; autoplay; clipboard-write; encrypted-media; gyroscope; picture-in-picture; web-share\" referrerpolicy=\"strict-origin-when-cross-origin\" allowfullscreen><\/iframe><\/div>        <\/div>\n    <\/div>\n<\/section>\n\n<section class=\"block ocb ocb--right\" >\n    <div class=\"block__inner ocb__inner editor-content\">\n\n    \t\n\t\t<div class=\"col--4 ocb__content\">\n\t\t\t\t\t\t<h4 id=\"tw-target-text\" class=\"tw-data-text tw-text-large XcVN5d tw-ta\" data-placeholder=\"K\u00e4\u00e4nn\u00f6s\"><span class=\"Y2IQFc\" lang=\"en\">Expert, robot and bass guitar <\/span><\/h4>\n<p class=\"tw-data-text tw-text-large XcVN5d tw-ta\" dir=\"ltr\" data-placeholder=\"K\u00e4\u00e4nn\u00f6s\"><span class=\"Y2IQFc\" lang=\"en\">Our logistics expert <strong>Ville Ruuskanen<\/strong> works on industrial and healthcare projects and plans e.g. effective robotics for hospitals. The most valuable thing about his work is being able to do things that matter to people. Good co-workers and a great team give a positive kick to the work day. Ville is a great bass guitar plyer as well!<\/span><\/p>\n\t\t\t\t\t<\/div>\n\n        <div class=\"col--9 ocb__media\">\n\t\t\t<div class=\"ocb__embed\" ><iframe loading=\"lazy\" title=\"T\u00f6iss\u00e4 Swecolla - Ville Ruuskanen EN Video\" src=\"\" data-src-defer=\"https:\/\/fast.wistia.net\/embed\/iframe\/jybs4hi17g?dnt=1\" allow=\"autoplay; fullscreen\" allowtransparency=\"true\" frameborder=\"0\" scrolling=\"no\" class=\"wistia_embed\" name=\"wistia_embed\" msallowfullscreen width=\"640\" height=\"360\"><\/iframe><script src=\"\" data-src-defer=\"https:\/\/fast.wistia.net\/assets\/external\/E-v1.js\" async><\/script><\/div>        <\/div>\n    <\/div>\n<\/section>\n\n<section class=\"block ocb ocb--left\" >\n    <div class=\"block__inner ocb__inner editor-content\">\n\n    \t\n\t\t<div class=\"col--4 ocb__content\">\n\t\t\t\t\t\t<h4 id=\"tw-target-text\" class=\"tw-data-text tw-text-large XcVN5d tw-ta\" data-placeholder=\"K\u00e4\u00e4nn\u00f6s\"><span class=\"Y2IQFc\" lang=\"en\">Involved in the design of more sustainable cities and society <\/span><\/h4>\n<p class=\"tw-data-text tw-text-large XcVN5d tw-ta\" dir=\"ltr\" data-placeholder=\"K\u00e4\u00e4nn\u00f6s\"><span class=\"Y2IQFc\" lang=\"en\">Our project manager <strong>Kari N\u00f6jd<\/strong> does work that matters. He is involved in sustainable urban development projects where the circular economy and carbon footprint are strongly involved. Life cycle analyzes as well as energy simulations and carbon footprint calculations revolve on his desk.<\/span><\/p>\n\t\t\t\t\t<\/div>\n\n        <div class=\"col--9 ocb__media\">\n\t\t\t<div class=\"ocb__embed\" ><iframe loading=\"lazy\" title=\"T\u00f6iss\u00e4 Swecolla - Kari N\u00f6jd EN Video\" src=\"\" data-src-defer=\"https:\/\/fast.wistia.net\/embed\/iframe\/7tupdr1q0d?dnt=1\" allow=\"autoplay; fullscreen\" allowtransparency=\"true\" frameborder=\"0\" scrolling=\"no\" class=\"wistia_embed\" name=\"wistia_embed\" msallowfullscreen width=\"640\" height=\"360\"><\/iframe><script src=\"\" data-src-defer=\"https:\/\/fast.wistia.net\/assets\/external\/E-v1.js\" async><\/script><\/div>        <\/div>\n    <\/div>\n<\/section>\n\n<section class=\"block form-block block--white\" >\n\t<div class=\"block__inner form-block__inner \">\n\n                    <div class=\"col--11 col--wrapper\">\n                                    <div class=\"col col--4 editor-content form-block__title\">\n                        <h3 class=\"h3 hyphenate\">Contact Us<\/h3>                    <\/div>\n                    <div class=\"col--12 col\"><\/div>\n                \n                <div class=\"col col--4 editor-content\">\n                    We are happy to assist you                <\/div>\n\n                <div class=\"col col--7\">\n                    <script type=\"text\/javascript\">\n\/* <![CDATA[ *\/\nvar gform;gform||(document.addEventListener(\"gform_main_scripts_loaded\",function(){gform.scriptsLoaded=!0}),document.addEventListener(\"gform\/theme\/scripts_loaded\",function(){gform.themeScriptsLoaded=!0}),window.addEventListener(\"DOMContentLoaded\",function(){gform.domLoaded=!0}),gform={domLoaded:!1,scriptsLoaded:!1,themeScriptsLoaded:!1,isFormEditor:()=>\"function\"==typeof InitializeEditor,callIfLoaded:function(o){return!(!gform.domLoaded||!gform.scriptsLoaded||!gform.themeScriptsLoaded&&!gform.isFormEditor()||(gform.isFormEditor()&&console.warn(\"The use of gform.initializeOnLoaded() is deprecated in the form editor context and will be removed in Gravity Forms 3.1.\"),o(),0))},initializeOnLoaded:function(o){gform.callIfLoaded(o)||(document.addEventListener(\"gform_main_scripts_loaded\",()=>{gform.scriptsLoaded=!0,gform.callIfLoaded(o)}),document.addEventListener(\"gform\/theme\/scripts_loaded\",()=>{gform.themeScriptsLoaded=!0,gform.callIfLoaded(o)}),window.addEventListener(\"DOMContentLoaded\",()=>{gform.domLoaded=!0,gform.callIfLoaded(o)}))},hooks:{action:{},filter:{}},addAction:function(o,r,e,t){gform.addHook(\"action\",o,r,e,t)},addFilter:function(o,r,e,t){gform.addHook(\"filter\",o,r,e,t)},doAction:function(o){gform.doHook(\"action\",o,arguments)},applyFilters:function(o){return gform.doHook(\"filter\",o,arguments)},removeAction:function(o,r){gform.removeHook(\"action\",o,r)},removeFilter:function(o,r,e){gform.removeHook(\"filter\",o,r,e)},addHook:function(o,r,e,t,n){null==gform.hooks[o][r]&&(gform.hooks[o][r]=[]);var d=gform.hooks[o][r];null==n&&(n=r+\"_\"+d.length),gform.hooks[o][r].push({tag:n,callable:e,priority:t=null==t?10:t})},doHook:function(r,o,e){var t;if(e=Array.prototype.slice.call(e,1),null!=gform.hooks[r][o]&&((o=gform.hooks[r][o]).sort(function(o,r){return o.priority-r.priority}),o.forEach(function(o){\"function\"!=typeof(t=o.callable)&&(t=window[t]),\"action\"==r?t.apply(null,e):e[0]=t.apply(null,e)})),\"filter\"==r)return e[0]},removeHook:function(o,r,t,n){var e;null!=gform.hooks[o][r]&&(e=(e=gform.hooks[o][r]).filter(function(o,r,e){return!!(null!=n&&n!=o.tag||null!=t&&t!=o.priority)}),gform.hooks[o][r]=e)}});\n\/* ]]> *\/\n<\/script>\n\n                <div class='gf_browser_gecko gform_wrapper gform_legacy_markup_wrapper gform-theme--no-framework' data-form-theme='legacy' data-form-index='0' id='gform_wrapper_6' ><form class=\"gform_analytics_tracking\" method='post' enctype='multipart\/form-data' target='gform_ajax_frame_6' id='gform_6'  action='\/en\/wp-json\/wp\/v2\/pages\/16665' data-formid='6' novalidate autocomplete=\"off\">\n                        <div class='gform-body gform_body'><ul id='gform_fields_6' class='gform_fields top_label form_sublabel_below description_below validation_below'><li id=\"field_6_8\" class=\"gfield gfield--type-honeypot gform_validation_container field_sublabel_below gfield--has-description field_description_below field_validation_below gfield_visibility_visible gform_honeypot\"  data-field-class=\"gform_honeypot\" ><label class='gfield_label gform-field-label' for='input_6_8'>Name<\/label><div class='ginput_container'><input autocomplete=\"off\"  name='input_8' id='input_6_8' type='text' value='' autocomplete='new-password'\/><\/div><div class='gfield_description' id='gfield_description_6_8'>This field is for validation purposes and should be left unchanged.<\/div><\/li><li id=\"field_6_1\" class=\"gfield gfield--type-text half field_sublabel_below gfield--no-description field_description_below field_validation_below gfield_visibility_visible gform_text\"  data-field-class=\"gform_text\" ><label class='gfield_label gform-field-label' for='input_6_1'>Name<\/label><div class='ginput_container ginput_container_text'><input autocomplete=\"off\"  name='input_1' id='input_6_1' type='text' value='' class='medium'      aria-invalid=\"false\"   \/><\/div><\/li><li id=\"field_6_2\" class=\"gfield gfield--type-text half field_sublabel_below gfield--no-description field_description_below field_validation_below gfield_visibility_visible gform_text\"  data-field-class=\"gform_text\" ><label class='gfield_label gform-field-label' for='input_6_2'>Company<\/label><div class='ginput_container ginput_container_text'><input autocomplete=\"off\"  name='input_2' id='input_6_2' type='text' value='' class='medium'      aria-invalid=\"false\"   \/><\/div><\/li><li id=\"field_6_5\" class=\"gfield gfield--type-email half gfield_contains_required field_sublabel_below gfield--no-description field_description_below field_validation_below gfield_visibility_visible gform_email\"  data-field-class=\"gform_email\" ><label class='gfield_label gform-field-label' for='input_6_5'>Email<span class=\"gfield_required\"><span class=\"gfield_required gfield_required_asterisk\">*<\/span><\/span><\/label><div class='ginput_container ginput_container_email'>\n                            <input autocomplete=\"off\"  name='input_5' id='input_6_5' type='email' value='' class='medium'    aria-required=\"true\" aria-invalid=\"false\"  \/>\n                        <\/div><\/li><li id=\"field_6_3\" class=\"gfield gfield--type-text half gfield_contains_required field_sublabel_below gfield--no-description field_description_below field_validation_below gfield_visibility_visible gform_text\"  data-field-class=\"gform_text\" ><label class='gfield_label gform-field-label' for='input_6_3'>Mobile<span class=\"gfield_required\"><span class=\"gfield_required gfield_required_asterisk\">*<\/span><\/span><\/label><div class='ginput_container ginput_container_text'><input autocomplete=\"off\"  name='input_3' id='input_6_3' type='text' value='' class='medium'     aria-required=\"true\" aria-invalid=\"false\"   \/><\/div><\/li><li id=\"field_6_6\" class=\"gfield gfield--type-textarea full expanding-textarea field_sublabel_below gfield--no-description field_description_below field_validation_below gfield_visibility_visible gform_textarea\"  data-field-class=\"gform_textarea\" ><label class='gfield_label gform-field-label' for='input_6_6'>How can we help you?<\/label><div class='ginput_container ginput_container_textarea'><textarea autocomplete=\"off\"  name='input_6' id='input_6_6' class='textarea medium'      aria-invalid=\"false\"   rows='10' cols='50'><\/textarea><\/div><\/li><li id=\"field_6_7\" class=\"gfield gfield--type-consent gfield--type-choice gfield--input-type-consent gfield_contains_required field_sublabel_below gfield--no-description field_description_below field_validation_below gfield_visibility_visible gform_consent\"  data-field-class=\"gform_consent\" ><label class='gfield_label gform-field-label gfield_label_before_complex' >Agreement<span class=\"gfield_required\"><span class=\"gfield_required gfield_required_asterisk\">*<\/span><\/span><\/label><div class='ginput_container ginput_container_consent'><input autocomplete=\"off\"  name='input_7.1' id='input_6_7_1' type='checkbox' value='1'   aria-required=\"true\" aria-invalid=\"false\"   \/> <label class=\"gform-field-label gform-field-label--type-inline gfield_consent_label\" for='input_6_7_1' >By sending this form I accept that my information will be saved in Sweco customer register. <a href=\"https:\/\/www.sweco.fi\/en\/about-sweco\/sweco-data-privacy-statement\/\">Sweco Data Privacy Statement<\/a>&gt;<\/label><input autocomplete=\"off\"  type='hidden' name='input_7.2' value='By sending this form I accept that my information will be saved in Sweco customer register. &lt;a href=&quot;https:\/\/www.sweco.fi\/en\/about-sweco\/sweco-data-privacy-statement\/&quot;&gt;Sweco Data Privacy Statement&lt;\/a&gt;&gt;' class='gform_hidden' \/><input autocomplete=\"off\"  type='hidden' name='input_7.3' value='5' class='gform_hidden' \/><\/div><\/li><\/ul><\/div>\n        <div class='gform-footer gform_footer top_label'> <button class='btn btn__primary' id='gform_submit_button_6'><span>Send<\/span><\/button> <input type='hidden' name='gform_ajax' value='form_id=6&amp;title=&amp;description=&amp;tabindex=0&amp;theme=legacy&amp;hash=4fef7decf52ef6029b89308caac65e3b' \/>\n            <input type='hidden' class='gform_hidden' name='gform_submission_method' data-js='gform_submission_method_6' value='iframe' \/>\n            <input type='hidden' class='gform_hidden' name='gform_theme' data-js='gform_theme_6' id='gform_theme_6' value='legacy' \/>\n            <input type='hidden' class='gform_hidden' name='gform_style_settings' data-js='gform_style_settings_6' id='gform_style_settings_6' value='' \/>\n            <input type='hidden' class='gform_hidden' name='is_submit_6' value='1' \/>\n            <input type='hidden' class='gform_hidden' name='gform_submit' value='6' \/>\n            \n            <input type='hidden' class='gform_hidden' name='gform_unique_id' value='' \/>\n            <input type='hidden' class='gform_hidden' name='state_6' value='WyJ7XCI3LjFcIjpcIjVhYWVlZmI3NTc0MTU1YjA1ZTkwNjQxMWI2MWVlNGZiXCIsXCI3LjJcIjpcIjNiMjE4NmJlMWQ5YWNhNTQ3NTA5NzgyNzViYzNjNmM4XCIsXCI3LjNcIjpcIjY5M2FkN2IxNjZjMGFlYWRiOTEwNmMzMjZkNGEwOGZhXCJ9IiwiZTk3ZDcyNzQ2ZWYyMzZjOTU0OGJiOGM0NWQ0ZTRiNTYiXQ==' \/>\n            <input type='hidden' autocomplete='off' class='gform_hidden' name='gform_target_page_number_6' id='gform_target_page_number_6' value='0' \/>\n            <input type='hidden' autocomplete='off' class='gform_hidden' name='gform_source_page_number_6' id='gform_source_page_number_6' value='1' \/>\n            <input type='hidden' name='gform_field_values' value='' \/>\n            \n        <\/div>\n                        <\/form>\n                        <\/div>\n\t\t                <iframe style='display:none;width:0px;height:0px;' src='about:blank' name='gform_ajax_frame_6' id='gform_ajax_frame_6' title='This iframe contains the logic required to handle Ajax powered Gravity Forms.'><\/iframe>\n\t\t                <script type=\"text\/javascript\">\n\/* <![CDATA[ *\/\n gform.initializeOnLoaded( function() {gformInitSpinner( 6, 'https:\/\/www.sweco.fi\/wp-content\/themes\/sweco\/assets\/dist\/oval.svg', true );jQuery('#gform_ajax_frame_6').on('load',function(){var contents = jQuery(this).contents().find('*').html();var is_postback = contents.indexOf('GF_AJAX_POSTBACK') >= 0;if(!is_postback){return;}var form_content = jQuery(this).contents().find('#gform_wrapper_6');var is_confirmation = jQuery(this).contents().find('#gform_confirmation_wrapper_6').length > 0;var is_redirect = contents.indexOf('gformRedirect(){') >= 0;var is_form = form_content.length > 0 && ! is_redirect && ! is_confirmation;var mt = parseInt(jQuery('html').css('margin-top'), 10) + parseInt(jQuery('body').css('margin-top'), 10) + 100;if(is_form){jQuery('#gform_wrapper_6').html(form_content.html());if(form_content.hasClass('gform_validation_error')){jQuery('#gform_wrapper_6').addClass('gform_validation_error');} else {jQuery('#gform_wrapper_6').removeClass('gform_validation_error');}setTimeout( function() { \/* delay the scroll by 50 milliseconds to fix a bug in chrome *\/  }, 50 );if(window['gformInitDatepicker']) {gformInitDatepicker();}if(window['gformInitPriceFields']) {gformInitPriceFields();}var current_page = jQuery('#gform_source_page_number_6').val();gformInitSpinner( 6, 'https:\/\/www.sweco.fi\/wp-content\/themes\/sweco\/assets\/dist\/oval.svg', true );jQuery(document).trigger('gform_page_loaded', [6, current_page]);window['gf_submitting_6'] = false;}else if(!is_redirect){var confirmation_content = jQuery(this).contents().find('.GF_AJAX_POSTBACK').html();if(!confirmation_content){confirmation_content = contents;}jQuery('#gform_wrapper_6').replaceWith(confirmation_content);jQuery(document).trigger('gform_confirmation_loaded', [6]);window['gf_submitting_6'] = false;wp.a11y.speak(jQuery('#gform_confirmation_message_6').text());}else{jQuery('#gform_6').append(contents);if(window['gformRedirect']) {gformRedirect();}}jQuery(document).trigger(\"gform_pre_post_render\", [{ formId: \"6\", currentPage: \"current_page\", abort: function() { this.preventDefault(); } }]);        if (event && event.defaultPrevented) {                return;        }        const gformWrapperDiv = document.getElementById( \"gform_wrapper_6\" );        if ( gformWrapperDiv ) {            const visibilitySpan = document.createElement( \"span\" );            visibilitySpan.id = \"gform_visibility_test_6\";            gformWrapperDiv.insertAdjacentElement( \"afterend\", visibilitySpan );        }        const visibilityTestDiv = document.getElementById( \"gform_visibility_test_6\" );        let postRenderFired = false;        function triggerPostRender() {            if ( postRenderFired ) {                return;            }            postRenderFired = true;            gform.core.triggerPostRenderEvents( 6, current_page );            if ( visibilityTestDiv ) {                visibilityTestDiv.parentNode.removeChild( visibilityTestDiv );            }        }        function debounce( func, wait, immediate ) {            var timeout;            return function() {                var context = this, args = arguments;                var later = function() {                    timeout = null;                    if ( !immediate ) func.apply( context, args );                };                var callNow = immediate && !timeout;                clearTimeout( timeout );                timeout = setTimeout( later, wait );                if ( callNow ) func.apply( context, args );            };        }        const debouncedTriggerPostRender = debounce( function() {            triggerPostRender();        }, 200 );        if ( visibilityTestDiv && visibilityTestDiv.offsetParent === null ) {            const observer = new MutationObserver( ( mutations ) => {                mutations.forEach( ( mutation ) => {                    if ( mutation.type === 'attributes' && visibilityTestDiv.offsetParent !== null ) {                        debouncedTriggerPostRender();                        observer.disconnect();                    }                });            });            observer.observe( document.body, {                attributes: true,                childList: false,                subtree: true,                attributeFilter: [ 'style', 'class' ],            });        } else {            triggerPostRender();        }    } );} ); \n\/* ]]> *\/\n<\/script>\n                <\/div>\n            <\/div>\n        \n\t<\/div>\n<\/section>\n","protected":false},"excerpt":{"rendered":"","protected":false},"author":41,"featured_media":4942,"parent":15535,"menu_order":1,"comment_status":"closed","ping_status":"closed","template":"","meta":{"_acf_changed":false,"_seopress_robots_primary_cat":"","_seopress_titles_title":"","_seopress_titles_desc":"Approachable and committed people are the core of our business. We want to take good care of them.","_seopress_robots_index":"","footnotes":""},"class_list":["post-16665","page","type-page","status-publish","has-post-thumbnail","hentry"],"acf":[],"_links":{"self":[{"href":"https:\/\/www.sweco.fi\/en\/wp-json\/wp\/v2\/pages\/16665","targetHints":{"allow":["GET"]}}],"collection":[{"href":"https:\/\/www.sweco.fi\/en\/wp-json\/wp\/v2\/pages"}],"about":[{"href":"https:\/\/www.sweco.fi\/en\/wp-json\/wp\/v2\/types\/page"}],"author":[{"embeddable":true,"href":"https:\/\/www.sweco.fi\/en\/wp-json\/wp\/v2\/users\/41"}],"replies":[{"embeddable":true,"href":"https:\/\/www.sweco.fi\/en\/wp-json\/wp\/v2\/comments?post=16665"}],"version-history":[{"count":16,"href":"https:\/\/www.sweco.fi\/en\/wp-json\/wp\/v2\/pages\/16665\/revisions"}],"predecessor-version":[{"id":75131,"href":"https:\/\/www.sweco.fi\/en\/wp-json\/wp\/v2\/pages\/16665\/revisions\/75131"}],"up":[{"embeddable":true,"href":"https:\/\/www.sweco.fi\/en\/wp-json\/wp\/v2\/pages\/15535"}],"wp:featuredmedia":[{"embeddable":true,"href":"https:\/\/www.sweco.fi\/en\/wp-json\/wp\/v2\/media\/4942"}],"wp:attachment":[{"href":"https:\/\/www.sweco.fi\/en\/wp-json\/wp\/v2\/media?parent=16665"}],"curies":[{"name":"wp","href":"https:\/\/api.w.org\/{rel}","templated":true}]}}