{"id":38002,"date":"2022-12-07T09:43:57","date_gmt":"2022-12-07T07:43:57","guid":{"rendered":"https:\/\/www.sweco.fi\/?page_id=38002"},"modified":"2022-12-07T09:53:39","modified_gmt":"2022-12-07T07:53:39","slug":"4d-schedules","status":"publish","type":"page","link":"https:\/\/www.sweco.fi\/en\/digital-solutions\/4d-schedules\/","title":{"rendered":"4D schedules"},"content":{"rendered":"<section class=\"block page-intro page-intro--big page-intro--bg\" >\n\t\t\t<div class=\"page-intro__layout\" >\n\t\t\t<img width=\"1680\" height=\"800\" src=\"https:\/\/www.sweco.fi\/wp-content\/uploads\/sites\/7\/2021\/05\/Kustannus-ja-maarahallinta-1680x800.jpg\" class=\"page-intro__bg-img\" alt=\"Kustannus ja m\u00e4\u00e4r\u00e4hallinta\" fetchpriority=\"high\" decoding=\"async\" sizes=\"(max-width: 767px) 1080px, 1920px\" \/>\t\t\t<div class=\"block__inner page-intro__inner page-intro__inner--top\">\n\t\t\t\t<div class=\"col--11\">\n\t\t\t\t\t<div class=\"editor-content editor-content--white editor-content--top col--5\">\n\t\t\t\t\t\t<div class=\"editor-content__inner \">\n\t\t\t\t\t\t\t<h1>4D schedules<\/h1>\n\t\t\t\t\t\t\t\t\t\t\t\t\t\t<div class=\"buttons-wrapper buttons-wrapper--left\"><a href=\"#Contactus\" target=\"\" class=\"btn btn__primary \">Contact Us!<\/a><\/div>\t\t\t\t\t\t<\/div>\n\t\t\t\t\t<\/div>\n\t\t\t\t<\/div>\n\t\t\t<\/div>\n\t\t<\/div>\n\t\n\t\t\n\t<\/section>\n\n<section class=\"block cb block--white\" >\n\t<div class=\"block__inner cb__inner cb__inner--one\">\n\t<div class=\"col--12 col--center col--wrapper\">\n\t\t<div class=\"col col--6 editor-content\">\n\t\t\t<h1>4D schedules<\/h1>\n<p>The 4D schedules service is the most modern way to plan schedules. When information models are used in scheduling, the lead time\u00a0 of the project can be ensured already at the beginning of the planning process. Digital tools also provide support for the phasing, logistics and monitoring of the site.<\/p>\n<h4>A 4D tool for planning construction schedules<\/h4>\n<p>Studies show that only around 30% of the working hours of a construction project are productive. In terms of efficiency, it is important that the right things are done at the right time on the site. In the 4D schedules service, we combine information models with project schedules. This will maximise the benefits of the information model at all stages of the project, from concept to implementation.<\/p>\n<p>Indeed, the 4D schedules service is the most modern way to plan schedules. It will reduce unnecessary work, optimise tasks and help anticipate scheduling risks.<\/p>\n<h4>Comparisons and optimisation of implementation<\/h4>\n<p>4D schedules enhance the interaction of the project, as designers, contractors and clients can consider the implementation solutions of the site in advance in the 3D view. Different installation sequences can be tested in order to find the optimal phasing for demolition and installation work piece by piece.<\/p>\n<p>Learn more about the Site360Tool we have developed, as well, which combines the target timetable with the current status of the worksite. The model can be used to visualise the status of different contracts, such as element installations or concrete castings, using different colours, and monitor the progress of the installations.<\/p>\n<h4>Logistics and safety planning<\/h4>\n<p>The 4D schedules service can be used for a variety of purposes. The 3D information model can be used to plan e.g. the logistics, haulage and safety of the site in advance. The information model can also be used to perform dynamic clash detections\u00a0. This will allow for the proactive selection of the best possible location for parking, material storage, safety fences, site huts and cranes on the site.<\/p>\n<p>In addition to this, 4D scheduling will improve operation and production during use. Maintenance routes, for example, can be planned in the project well in advance of the actual implementation.<\/p>\n<p>&nbsp;<\/p>\n<p>&nbsp;<\/p>\n\t\t<\/div>\n\t<\/div>\n<\/div>\n<\/section>\n\n\n<section class=\"block form-block block--white\" id=\"ContactUs\">\n\t<div class=\"block__inner form-block__inner \">\n\n                    <div class=\"col--11 col--wrapper\">\n                                    <div class=\"col col--4 editor-content form-block__title\">\n                        <h3 class=\"h3 hyphenate\">Contact Us!<\/h3>                    <\/div>\n                    <div class=\"col--12 col\"><\/div>\n                \n                <div class=\"col col--4 editor-content\">\n                                    <\/div>\n\n                <div class=\"col col--7\">\n                    <script type=\"text\/javascript\">\n\/* <![CDATA[ *\/\nvar gform;gform||(document.addEventListener(\"gform_main_scripts_loaded\",function(){gform.scriptsLoaded=!0}),document.addEventListener(\"gform\/theme\/scripts_loaded\",function(){gform.themeScriptsLoaded=!0}),window.addEventListener(\"DOMContentLoaded\",function(){gform.domLoaded=!0}),gform={domLoaded:!1,scriptsLoaded:!1,themeScriptsLoaded:!1,isFormEditor:()=>\"function\"==typeof InitializeEditor,callIfLoaded:function(o){return!(!gform.domLoaded||!gform.scriptsLoaded||!gform.themeScriptsLoaded&&!gform.isFormEditor()||(gform.isFormEditor()&&console.warn(\"The use of gform.initializeOnLoaded() is deprecated in the form editor context and will be removed in Gravity Forms 3.1.\"),o(),0))},initializeOnLoaded:function(o){gform.callIfLoaded(o)||(document.addEventListener(\"gform_main_scripts_loaded\",()=>{gform.scriptsLoaded=!0,gform.callIfLoaded(o)}),document.addEventListener(\"gform\/theme\/scripts_loaded\",()=>{gform.themeScriptsLoaded=!0,gform.callIfLoaded(o)}),window.addEventListener(\"DOMContentLoaded\",()=>{gform.domLoaded=!0,gform.callIfLoaded(o)}))},hooks:{action:{},filter:{}},addAction:function(o,r,e,t){gform.addHook(\"action\",o,r,e,t)},addFilter:function(o,r,e,t){gform.addHook(\"filter\",o,r,e,t)},doAction:function(o){gform.doHook(\"action\",o,arguments)},applyFilters:function(o){return gform.doHook(\"filter\",o,arguments)},removeAction:function(o,r){gform.removeHook(\"action\",o,r)},removeFilter:function(o,r,e){gform.removeHook(\"filter\",o,r,e)},addHook:function(o,r,e,t,n){null==gform.hooks[o][r]&&(gform.hooks[o][r]=[]);var d=gform.hooks[o][r];null==n&&(n=r+\"_\"+d.length),gform.hooks[o][r].push({tag:n,callable:e,priority:t=null==t?10:t})},doHook:function(r,o,e){var t;if(e=Array.prototype.slice.call(e,1),null!=gform.hooks[r][o]&&((o=gform.hooks[r][o]).sort(function(o,r){return o.priority-r.priority}),o.forEach(function(o){\"function\"!=typeof(t=o.callable)&&(t=window[t]),\"action\"==r?t.apply(null,e):e[0]=t.apply(null,e)})),\"filter\"==r)return e[0]},removeHook:function(o,r,t,n){var e;null!=gform.hooks[o][r]&&(e=(e=gform.hooks[o][r]).filter(function(o,r,e){return!!(null!=n&&n!=o.tag||null!=t&&t!=o.priority)}),gform.hooks[o][r]=e)}});\n\/* ]]> *\/\n<\/script>\n\n                <div class='gf_browser_gecko gform_wrapper gform_legacy_markup_wrapper gform-theme--no-framework' data-form-theme='legacy' data-form-index='0' id='gform_wrapper_5' ><form class=\"gform_analytics_tracking\" method='post' enctype='multipart\/form-data' target='gform_ajax_frame_5' id='gform_5'  action='\/en\/wp-json\/wp\/v2\/pages\/38002' data-formid='5' novalidate autocomplete=\"off\">\n                        <div class='gform-body gform_body'><ul id='gform_fields_5' class='gform_fields top_label form_sublabel_below description_below validation_below'><li id=\"field_5_8\" class=\"gfield gfield--type-honeypot gform_validation_container field_sublabel_below gfield--has-description field_description_below field_validation_below gfield_visibility_visible gform_honeypot\"  data-field-class=\"gform_honeypot\" ><label class='gfield_label gform-field-label' for='input_5_8'>Instagram<\/label><div class='ginput_container'><input autocomplete=\"off\"  name='input_8' id='input_5_8' type='text' value='' autocomplete='new-password'\/><\/div><div class='gfield_description' id='gfield_description_5_8'>This field is for validation purposes and should be left unchanged.<\/div><\/li><li id=\"field_5_1\" class=\"gfield gfield--type-text half field_sublabel_below gfield--no-description field_description_below field_validation_below gfield_visibility_visible gform_text\"  data-field-class=\"gform_text\" ><label class='gfield_label gform-field-label' for='input_5_1'>Nimi<\/label><div class='ginput_container ginput_container_text'><input autocomplete=\"off\"  name='input_1' id='input_5_1' type='text' value='' class='medium'      aria-invalid=\"false\"   \/><\/div><\/li><li id=\"field_5_2\" class=\"gfield gfield--type-text half field_sublabel_below gfield--no-description field_description_below field_validation_below gfield_visibility_visible gform_text\"  data-field-class=\"gform_text\" ><label class='gfield_label gform-field-label' for='input_5_2'>Yritys<\/label><div class='ginput_container ginput_container_text'><input autocomplete=\"off\"  name='input_2' id='input_5_2' type='text' value='' class='medium'      aria-invalid=\"false\"   \/><\/div><\/li><li id=\"field_5_5\" class=\"gfield gfield--type-email half gfield_contains_required field_sublabel_below gfield--no-description field_description_below field_validation_below gfield_visibility_visible gform_email\"  data-field-class=\"gform_email\" ><label class='gfield_label gform-field-label' for='input_5_5'>S\u00e4hk\u00f6posti<span class=\"gfield_required\"><span class=\"gfield_required gfield_required_asterisk\">*<\/span><\/span><\/label><div class='ginput_container ginput_container_email'>\n                            <input autocomplete=\"off\"  name='input_5' id='input_5_5' type='email' value='' class='medium'    aria-required=\"true\" aria-invalid=\"false\"  \/>\n                        <\/div><\/li><li id=\"field_5_3\" class=\"gfield gfield--type-text half gfield_contains_required field_sublabel_below gfield--no-description field_description_below field_validation_below gfield_visibility_visible gform_text\"  data-field-class=\"gform_text\" ><label class='gfield_label gform-field-label' for='input_5_3'>Puhelin<span class=\"gfield_required\"><span class=\"gfield_required gfield_required_asterisk\">*<\/span><\/span><\/label><div class='ginput_container ginput_container_text'><input autocomplete=\"off\"  name='input_3' id='input_5_3' type='text' value='' class='medium'     aria-required=\"true\" aria-invalid=\"false\"   \/><\/div><\/li><li id=\"field_5_6\" class=\"gfield gfield--type-textarea full expanding-textarea field_sublabel_below gfield--no-description field_description_below field_validation_below gfield_visibility_visible gform_textarea\"  data-field-class=\"gform_textarea\" ><label class='gfield_label gform-field-label' for='input_5_6'>Kuinka voimme auttaa?<\/label><div class='ginput_container ginput_container_textarea'><textarea autocomplete=\"off\"  name='input_6' id='input_5_6' class='textarea medium'      aria-invalid=\"false\"   rows='10' cols='50'><\/textarea><\/div><\/li><li id=\"field_5_7\" class=\"gfield gfield--type-consent gfield--type-choice gfield--input-type-consent gfield_contains_required field_sublabel_below gfield--no-description field_description_below field_validation_below gfield_visibility_visible gform_consent\"  data-field-class=\"gform_consent\" ><label class='gfield_label gform-field-label gfield_label_before_complex' >Suostumus<span class=\"gfield_required\"><span class=\"gfield_required gfield_required_asterisk\">*<\/span><\/span><\/label><div class='ginput_container ginput_container_consent'><input autocomplete=\"off\"  name='input_7.1' id='input_5_7_1' type='checkbox' value='1'   aria-required=\"true\" aria-invalid=\"false\"   \/> <label class=\"gform-field-label gform-field-label--type-inline gfield_consent_label\" for='input_5_7_1' >L\u00e4hett\u00e4m\u00e4ll\u00e4 viestin hyv\u00e4ksyn, ett\u00e4 tietoni tallentuvat Swecon asiakas- ja sidosryhm\u00e4rekisteriin. <a href=\"https:\/\/www.sweco.fi\/tietoa-swecosta\/tietosuoja-swecolla\/\" target=\"_blank\">Lue tietosuojaseloste<\/a>&gt;<\/label><input autocomplete=\"off\"  type='hidden' name='input_7.2' value='L\u00e4hett\u00e4m\u00e4ll\u00e4 viestin hyv\u00e4ksyn, ett\u00e4 tietoni tallentuvat Swecon asiakas- ja sidosryhm\u00e4rekisteriin. &lt;a href=&quot;https:\/\/www.sweco.fi\/tietoa-swecosta\/tietosuoja-swecolla\/&quot; target=&quot;_blank&quot;&gt;Lue tietosuojaseloste&lt;\/a&gt;&gt;' class='gform_hidden' \/><input autocomplete=\"off\"  type='hidden' name='input_7.3' value='4' class='gform_hidden' \/><\/div><\/li><\/ul><\/div>\n        <div class='gform-footer gform_footer top_label'> <button class='btn btn__primary' id='gform_submit_button_5'><span>L\u00e4het\u00e4<\/span><\/button> <input type='hidden' name='gform_ajax' value='form_id=5&amp;title=&amp;description=&amp;tabindex=0&amp;theme=legacy&amp;hash=bb2167c92edfed1f240764c73c631698' \/>\n            <input type='hidden' class='gform_hidden' name='gform_submission_method' data-js='gform_submission_method_5' value='iframe' \/>\n            <input type='hidden' class='gform_hidden' name='gform_theme' data-js='gform_theme_5' id='gform_theme_5' value='legacy' \/>\n            <input type='hidden' class='gform_hidden' name='gform_style_settings' data-js='gform_style_settings_5' id='gform_style_settings_5' value='' \/>\n            <input type='hidden' class='gform_hidden' name='is_submit_5' value='1' \/>\n            <input type='hidden' class='gform_hidden' name='gform_submit' value='5' \/>\n            \n            <input type='hidden' class='gform_hidden' name='gform_unique_id' value='' \/>\n            <input type='hidden' class='gform_hidden' name='state_5' value='WyJ7XCI3LjFcIjpcIjVhYWVlZmI3NTc0MTU1YjA1ZTkwNjQxMWI2MWVlNGZiXCIsXCI3LjJcIjpcIjBkODVhMGQ5Yzk4MDViYzFlNmRhYjYzMTQ2NGY4YjY5XCIsXCI3LjNcIjpcIjI1OTBmOGE0ZDEyOWU0NzE3NjU2N2E4Y2ZiZGI2YmY0XCJ9IiwiZTI1ZDg1ZjY4ODdjZmZmMGQ3ODRkNDg1MTkxYTliMmIiXQ==' \/>\n            <input type='hidden' autocomplete='off' class='gform_hidden' name='gform_target_page_number_5' id='gform_target_page_number_5' value='0' \/>\n            <input type='hidden' autocomplete='off' class='gform_hidden' name='gform_source_page_number_5' id='gform_source_page_number_5' value='1' \/>\n            <input type='hidden' name='gform_field_values' value='' \/>\n            \n        <\/div>\n                        <\/form>\n                        <\/div>\n\t\t                <iframe style='display:none;width:0px;height:0px;' src='about:blank' name='gform_ajax_frame_5' id='gform_ajax_frame_5' title='This iframe contains the logic required to handle Ajax powered Gravity Forms.'><\/iframe>\n\t\t                <script type=\"text\/javascript\">\n\/* <![CDATA[ *\/\n gform.initializeOnLoaded( function() {gformInitSpinner( 5, 'https:\/\/www.sweco.fi\/wp-content\/themes\/sweco\/assets\/dist\/oval.svg', true );jQuery('#gform_ajax_frame_5').on('load',function(){var contents = jQuery(this).contents().find('*').html();var is_postback = contents.indexOf('GF_AJAX_POSTBACK') >= 0;if(!is_postback){return;}var form_content = jQuery(this).contents().find('#gform_wrapper_5');var is_confirmation = jQuery(this).contents().find('#gform_confirmation_wrapper_5').length > 0;var is_redirect = contents.indexOf('gformRedirect(){') >= 0;var is_form = form_content.length > 0 && ! is_redirect && ! is_confirmation;var mt = parseInt(jQuery('html').css('margin-top'), 10) + parseInt(jQuery('body').css('margin-top'), 10) + 100;if(is_form){jQuery('#gform_wrapper_5').html(form_content.html());if(form_content.hasClass('gform_validation_error')){jQuery('#gform_wrapper_5').addClass('gform_validation_error');} else {jQuery('#gform_wrapper_5').removeClass('gform_validation_error');}setTimeout( function() { \/* delay the scroll by 50 milliseconds to fix a bug in chrome *\/  }, 50 );if(window['gformInitDatepicker']) {gformInitDatepicker();}if(window['gformInitPriceFields']) {gformInitPriceFields();}var current_page = jQuery('#gform_source_page_number_5').val();gformInitSpinner( 5, 'https:\/\/www.sweco.fi\/wp-content\/themes\/sweco\/assets\/dist\/oval.svg', true );jQuery(document).trigger('gform_page_loaded', [5, current_page]);window['gf_submitting_5'] = false;}else if(!is_redirect){var confirmation_content = jQuery(this).contents().find('.GF_AJAX_POSTBACK').html();if(!confirmation_content){confirmation_content = contents;}jQuery('#gform_wrapper_5').replaceWith(confirmation_content);jQuery(document).trigger('gform_confirmation_loaded', [5]);window['gf_submitting_5'] = false;wp.a11y.speak(jQuery('#gform_confirmation_message_5').text());}else{jQuery('#gform_5').append(contents);if(window['gformRedirect']) {gformRedirect();}}jQuery(document).trigger(\"gform_pre_post_render\", [{ formId: \"5\", currentPage: \"current_page\", abort: function() { this.preventDefault(); } }]);        if (event && event.defaultPrevented) {                return;        }        const gformWrapperDiv = document.getElementById( \"gform_wrapper_5\" );        if ( gformWrapperDiv ) {            const visibilitySpan = document.createElement( \"span\" );            visibilitySpan.id = \"gform_visibility_test_5\";            gformWrapperDiv.insertAdjacentElement( \"afterend\", visibilitySpan );        }        const visibilityTestDiv = document.getElementById( \"gform_visibility_test_5\" );        let postRenderFired = false;        function triggerPostRender() {            if ( postRenderFired ) {                return;            }            postRenderFired = true;            gform.core.triggerPostRenderEvents( 5, current_page );            if ( visibilityTestDiv ) {                visibilityTestDiv.parentNode.removeChild( visibilityTestDiv );            }        }        function debounce( func, wait, immediate ) {            var timeout;            return function() {                var context = this, args = arguments;                var later = function() {                    timeout = null;                    if ( !immediate ) func.apply( context, args );                };                var callNow = immediate && !timeout;                clearTimeout( timeout );                timeout = setTimeout( later, wait );                if ( callNow ) func.apply( context, args );            };        }        const debouncedTriggerPostRender = debounce( function() {            triggerPostRender();        }, 200 );        if ( visibilityTestDiv && visibilityTestDiv.offsetParent === null ) {            const observer = new MutationObserver( ( mutations ) => {                mutations.forEach( ( mutation ) => {                    if ( mutation.type === 'attributes' && visibilityTestDiv.offsetParent !== null ) {                        debouncedTriggerPostRender();                        observer.disconnect();                    }                });            });            observer.observe( document.body, {                attributes: true,                childList: false,                subtree: true,                attributeFilter: [ 'style', 'class' ],            });        } else {            triggerPostRender();        }    } );} ); \n\/* ]]> *\/\n<\/script>\n                <\/div>\n            <\/div>\n        \n\t<\/div>\n<\/section>\n","protected":false},"excerpt":{"rendered":"","protected":false},"author":41,"featured_media":7711,"parent":37144,"menu_order":18,"comment_status":"closed","ping_status":"closed","template":"","meta":{"_acf_changed":false,"_seopress_robots_primary_cat":"","_seopress_titles_title":"4D schedules - Sweco Finland","_seopress_titles_desc":"The 4D schedules service is the most modern way to plan schedules. Contact Us!","_seopress_robots_index":"","footnotes":""},"class_list":["post-38002","page","type-page","status-publish","has-post-thumbnail","hentry"],"acf":[],"_links":{"self":[{"href":"https:\/\/www.sweco.fi\/en\/wp-json\/wp\/v2\/pages\/38002","targetHints":{"allow":["GET"]}}],"collection":[{"href":"https:\/\/www.sweco.fi\/en\/wp-json\/wp\/v2\/pages"}],"about":[{"href":"https:\/\/www.sweco.fi\/en\/wp-json\/wp\/v2\/types\/page"}],"author":[{"embeddable":true,"href":"https:\/\/www.sweco.fi\/en\/wp-json\/wp\/v2\/users\/41"}],"replies":[{"embeddable":true,"href":"https:\/\/www.sweco.fi\/en\/wp-json\/wp\/v2\/comments?post=38002"}],"version-history":[{"count":9,"href":"https:\/\/www.sweco.fi\/en\/wp-json\/wp\/v2\/pages\/38002\/revisions"}],"predecessor-version":[{"id":38756,"href":"https:\/\/www.sweco.fi\/en\/wp-json\/wp\/v2\/pages\/38002\/revisions\/38756"}],"up":[{"embeddable":true,"href":"https:\/\/www.sweco.fi\/en\/wp-json\/wp\/v2\/pages\/37144"}],"wp:featuredmedia":[{"embeddable":true,"href":"https:\/\/www.sweco.fi\/en\/wp-json\/wp\/v2\/media\/7711"}],"wp:attachment":[{"href":"https:\/\/www.sweco.fi\/en\/wp-json\/wp\/v2\/media?parent=38002"}],"curies":[{"name":"wp","href":"https:\/\/api.w.org\/{rel}","templated":true}]}}