{"id":39811,"date":"2023-01-16T12:18:26","date_gmt":"2023-01-16T10:18:26","guid":{"rendered":"https:\/\/www.sweco.fi\/?page_id=39811"},"modified":"2023-01-16T12:18:27","modified_gmt":"2023-01-16T10:18:27","slug":"coordination-of-data-models-and-infrastructure-models","status":"publish","type":"page","link":"https:\/\/www.sweco.fi\/en\/digital-solutions\/coordination-of-data-models-and-infrastructure-models\/","title":{"rendered":"Coordination of data models and infrastructure models"},"content":{"rendered":"<section class=\"block fwmb\" >\n\t<div class=\"block__inner editor-content fwmb__inner fwmb__inner--right fwmb__inner--image\">\n\n        <div class=\"fwmb__media col col-12\">\n\t\t\t\t\t<\/div>\n\n        \n        \n\t<\/div>\n<\/section>\n\n<section class=\"block cb block--white\" >\n\t<div class=\"block__inner cb__inner cb__inner--one\">\n\t<div class=\"col--12 col--center col--wrapper\">\n\t\t<div class=\"col col--6 editor-content\">\n\t\t\t<h1>Coordination of data models and infrastructure models<\/h1>\n<p>We provide support with the necessary and high-quality information modelling (BIM) at every stage of a built environment\u2019s lifecycle. We have developed effective coordination methods that are based on the LEAN principles to be used in construction and infrastructure projects. We will ensure that the correct things are modelled in a project and that information is able to flow seamlessly from the space requirement surveys to the planning, implementation, commissioning and maintenance.<\/p>\n<h4>Information modelling (BIM)<\/h4>\n<p>Information modelling supports the management of a built environment\u2019s entire lifecycle. Building construction, infrastructure and industrial projects can utilise it at every step, from the space requirement and project surveys to the implementation plans, construction, handover and maintenance. We comply with the client\u2019s instructions and the general data model requirements, such as YTV for buildings and YIV for infrastructure, in all projects.<\/p>\n<p>Data models help harmonize structures and designs, build structures according to the designs and manage production. Additionally, visual 3D models promote interaction, cooperation, knowledge-based management and decision-making. Furthermore, they can be used in a project\u2019s quality control, cost calculations and procurement processes.<\/p>\n<h4>Coordination of data models and infrastructure models<\/h4>\n<p>We provide experienced data model and infrastructure model coordinators for our clients\u2019 projects. Depending on the project type, our experts can serve in various roles and find the best implementation methods for each case. For example, a model coordinator may prepare and manage planning, ensure that data models are used during construction or provide expert help to a client. In addition to that, we offer our expertise in<a href=\"https:\/\/www.sweco.fi\/en\/digital-solutions\/smartdrawings\/\"> 3D visualisation<\/a>, simulations and multi-objective optimisation for projects.<\/p>\n<p>The most important duty of an infrastructure or data model coordinator is to harmonise plans and bridge any gaps between the visions of a client and the designers. We also ensure that every project has a viable plan that remains up to date and in order throughout the project. This will guarantee a swift and cost-effective end result that is high in quality.<\/p>\n<p>Modeling data can be enriched after the completion of the project into a digital twin of the object, in which case the up-to-date information also support use and maintenance. At the same time, model-based information <span class=\"Y2IQFc\" lang=\"en\">enables real estate and <a href=\"https:\/\/www.sweco.fi\/en\/digital-solutions\/asset-management\/\">infrastructure life cycle management<\/a> and long-term planning (PTS).<\/span><\/p>\n<p>&nbsp;<\/p>\n<p>&nbsp;<\/p>\n\t\t<\/div>\n\t<\/div>\n<\/div>\n<\/section>\n\n\n<section class=\"block ocb ocb--right\" >\n    <div class=\"block__inner ocb__inner editor-content\">\n\n    \t\n\t\t<div class=\"col--4 ocb__content\">\n\t\t\t\t\t\t<h4>Information and infrastructure modelling services<\/h4>\n<p>Determining the goals of information modelling<br \/>\nAssessing the risks of information modelling during the preliminary design stage<br \/>\nAgreeing on the cooperation principles<br \/>\nPreparing and directing design work that is based on information modelling<br \/>\nCreating and updating an information modelling plan<br \/>\nDetermining the information modelling tasks and commissioning data models from the designers<br \/>\nReviewing and harmonising the data models<br \/>\nCollecting the design and implementation models into a combined data model<br \/>\nEnsuring the quality of data models<br \/>\nCarrying out a data model review during the construction stage<br \/>\nReporting<br \/>\nTransferring data models to the maintenance stage<br \/>\nProviding expert assistance and consultation to clients.<\/p>\n\t\t\t\t\t<\/div>\n\n        <div class=\"col--9 ocb__media\">\n\t\t\t<img loading=\"lazy\" decoding=\"async\" width=\"1260\" height=\"750\" src=\"https:\/\/www.sweco.fi\/wp-content\/uploads\/sites\/7\/2021\/12\/swecokuvituskuva-1260x750.jpg\" class=\"attachment-ocb-image size-ocb-image\" alt=\"\" \/>        <\/div>\n    <\/div>\n<\/section>\n\n    <section class=\"block block--white contacts\" >\n        <div class=\"block__inner contacts__inner\">\n            <div class=\"col--11 col--wrapper col--stretch\">\n\t\t\t\t\t\t\t\t                    <div class=\"col col--3 person person--card\">\n                        <div class=\"person__inner\">\n\t\t\t\t\t\t\t                            <div class=\"person__content editor-content\">\n                                <p class=\"h4 hyphenate\">Antti H\u00e4m\u00e4l\u00e4inen<\/p>                                <em>Customer relationships and sales<\/em>\n\t\t\t\t\t\t\t\t\t\t\t\t\t\t\t\t\t<div class=\"person__contact\">\n\t\t\t\t\t\t\t\t\t\t\t\t\t\t\t\t\t\t\t\t\t<button class=\"btn btn__small btn__secondary contact-info-btn\" data_contact-id=\"15958\" data-email-subject=\"\">Show contact information<\/button>\n\t\t\t\t\t\t\t\t\t\t\t\t\t\t\t\t\t\t\t<\/div>\n\t\t\t\t\t\t\t\t                            <\/div>\n                        <\/div>\n                    <\/div>\n\t\t\t\t                    <div class=\"col col--3 person person--card\">\n                        <div class=\"person__inner\">\n\t\t\t\t\t\t\t                            <div class=\"person__content editor-content\">\n                                <p class=\"h4 hyphenate\">Niko Vironen<\/p>                                <em>Product and Sales Manager, VDC Services<\/em>\n\t\t\t\t\t\t\t\t\t\t\t\t\t\t\t\t\t<div class=\"person__contact\">\n\t\t\t\t\t\t\t\t\t\t\t\t\t\t\t\t\t\t\t\t\t<button class=\"btn btn__small btn__secondary contact-info-btn\" data_contact-id=\"15956\" data-email-subject=\"\">Show contact information<\/button>\n\t\t\t\t\t\t\t\t\t\t\t\t\t\t\t\t\t\t\t<\/div>\n\t\t\t\t\t\t\t\t                            <\/div>\n                        <\/div>\n                    <\/div>\n\t\t\t\t            <\/div>\n        <\/div>\n    <\/section>\n\n\n<section class=\"block form-block block--white\" >\n\t<div class=\"block__inner form-block__inner \">\n\n                    <div class=\"col--11 col--wrapper\">\n                                    <div class=\"col col--4 editor-content form-block__title\">\n                        <h3 class=\"h3 hyphenate\">Contact Us!<\/h3>                    <\/div>\n                    <div class=\"col--12 col\"><\/div>\n                \n                <div class=\"col col--4 editor-content\">\n                                    <\/div>\n\n                <div class=\"col col--7\">\n                    <script type=\"text\/javascript\">\n\/* <![CDATA[ *\/\nvar gform;gform||(document.addEventListener(\"gform_main_scripts_loaded\",function(){gform.scriptsLoaded=!0}),document.addEventListener(\"gform\/theme\/scripts_loaded\",function(){gform.themeScriptsLoaded=!0}),window.addEventListener(\"DOMContentLoaded\",function(){gform.domLoaded=!0}),gform={domLoaded:!1,scriptsLoaded:!1,themeScriptsLoaded:!1,isFormEditor:()=>\"function\"==typeof InitializeEditor,callIfLoaded:function(o){return!(!gform.domLoaded||!gform.scriptsLoaded||!gform.themeScriptsLoaded&&!gform.isFormEditor()||(gform.isFormEditor()&&console.warn(\"The use of gform.initializeOnLoaded() is deprecated in the form editor context and will be removed in Gravity Forms 3.1.\"),o(),0))},initializeOnLoaded:function(o){gform.callIfLoaded(o)||(document.addEventListener(\"gform_main_scripts_loaded\",()=>{gform.scriptsLoaded=!0,gform.callIfLoaded(o)}),document.addEventListener(\"gform\/theme\/scripts_loaded\",()=>{gform.themeScriptsLoaded=!0,gform.callIfLoaded(o)}),window.addEventListener(\"DOMContentLoaded\",()=>{gform.domLoaded=!0,gform.callIfLoaded(o)}))},hooks:{action:{},filter:{}},addAction:function(o,r,e,t){gform.addHook(\"action\",o,r,e,t)},addFilter:function(o,r,e,t){gform.addHook(\"filter\",o,r,e,t)},doAction:function(o){gform.doHook(\"action\",o,arguments)},applyFilters:function(o){return gform.doHook(\"filter\",o,arguments)},removeAction:function(o,r){gform.removeHook(\"action\",o,r)},removeFilter:function(o,r,e){gform.removeHook(\"filter\",o,r,e)},addHook:function(o,r,e,t,n){null==gform.hooks[o][r]&&(gform.hooks[o][r]=[]);var d=gform.hooks[o][r];null==n&&(n=r+\"_\"+d.length),gform.hooks[o][r].push({tag:n,callable:e,priority:t=null==t?10:t})},doHook:function(r,o,e){var t;if(e=Array.prototype.slice.call(e,1),null!=gform.hooks[r][o]&&((o=gform.hooks[r][o]).sort(function(o,r){return o.priority-r.priority}),o.forEach(function(o){\"function\"!=typeof(t=o.callable)&&(t=window[t]),\"action\"==r?t.apply(null,e):e[0]=t.apply(null,e)})),\"filter\"==r)return e[0]},removeHook:function(o,r,t,n){var e;null!=gform.hooks[o][r]&&(e=(e=gform.hooks[o][r]).filter(function(o,r,e){return!!(null!=n&&n!=o.tag||null!=t&&t!=o.priority)}),gform.hooks[o][r]=e)}});\n\/* ]]> *\/\n<\/script>\n\n                <div class='gf_browser_gecko gform_wrapper gform_legacy_markup_wrapper gform-theme--no-framework' data-form-theme='legacy' data-form-index='0' id='gform_wrapper_6' ><form class=\"gform_analytics_tracking\" method='post' enctype='multipart\/form-data' target='gform_ajax_frame_6' id='gform_6'  action='\/en\/wp-json\/wp\/v2\/pages\/39811' data-formid='6' novalidate autocomplete=\"off\">\n                        <div class='gform-body gform_body'><ul id='gform_fields_6' class='gform_fields top_label form_sublabel_below description_below validation_below'><li id=\"field_6_8\" class=\"gfield gfield--type-honeypot gform_validation_container field_sublabel_below gfield--has-description field_description_below field_validation_below gfield_visibility_visible gform_honeypot\"  data-field-class=\"gform_honeypot\" ><label class='gfield_label gform-field-label' for='input_6_8'>LinkedIn<\/label><div class='ginput_container'><input autocomplete=\"off\"  name='input_8' id='input_6_8' type='text' value='' autocomplete='new-password'\/><\/div><div class='gfield_description' id='gfield_description_6_8'>This field is for validation purposes and should be left unchanged.<\/div><\/li><li id=\"field_6_1\" class=\"gfield gfield--type-text half field_sublabel_below gfield--no-description field_description_below field_validation_below gfield_visibility_visible gform_text\"  data-field-class=\"gform_text\" ><label class='gfield_label gform-field-label' for='input_6_1'>Name<\/label><div class='ginput_container ginput_container_text'><input autocomplete=\"off\"  name='input_1' id='input_6_1' type='text' value='' class='medium'      aria-invalid=\"false\"   \/><\/div><\/li><li id=\"field_6_2\" class=\"gfield gfield--type-text half field_sublabel_below gfield--no-description field_description_below field_validation_below gfield_visibility_visible gform_text\"  data-field-class=\"gform_text\" ><label class='gfield_label gform-field-label' for='input_6_2'>Company<\/label><div class='ginput_container ginput_container_text'><input autocomplete=\"off\"  name='input_2' id='input_6_2' type='text' value='' class='medium'      aria-invalid=\"false\"   \/><\/div><\/li><li id=\"field_6_5\" class=\"gfield gfield--type-email half gfield_contains_required field_sublabel_below gfield--no-description field_description_below field_validation_below gfield_visibility_visible gform_email\"  data-field-class=\"gform_email\" ><label class='gfield_label gform-field-label' for='input_6_5'>Email<span class=\"gfield_required\"><span class=\"gfield_required gfield_required_asterisk\">*<\/span><\/span><\/label><div class='ginput_container ginput_container_email'>\n                            <input autocomplete=\"off\"  name='input_5' id='input_6_5' type='email' value='' class='medium'    aria-required=\"true\" aria-invalid=\"false\"  \/>\n                        <\/div><\/li><li id=\"field_6_3\" class=\"gfield gfield--type-text half gfield_contains_required field_sublabel_below gfield--no-description field_description_below field_validation_below gfield_visibility_visible gform_text\"  data-field-class=\"gform_text\" ><label class='gfield_label gform-field-label' for='input_6_3'>Mobile<span class=\"gfield_required\"><span class=\"gfield_required gfield_required_asterisk\">*<\/span><\/span><\/label><div class='ginput_container ginput_container_text'><input autocomplete=\"off\"  name='input_3' id='input_6_3' type='text' value='' class='medium'     aria-required=\"true\" aria-invalid=\"false\"   \/><\/div><\/li><li id=\"field_6_6\" class=\"gfield gfield--type-textarea full expanding-textarea field_sublabel_below gfield--no-description field_description_below field_validation_below gfield_visibility_visible gform_textarea\"  data-field-class=\"gform_textarea\" ><label class='gfield_label gform-field-label' for='input_6_6'>How can we help you?<\/label><div class='ginput_container ginput_container_textarea'><textarea autocomplete=\"off\"  name='input_6' id='input_6_6' class='textarea medium'      aria-invalid=\"false\"   rows='10' cols='50'><\/textarea><\/div><\/li><li id=\"field_6_7\" class=\"gfield gfield--type-consent gfield--type-choice gfield--input-type-consent gfield_contains_required field_sublabel_below gfield--no-description field_description_below field_validation_below gfield_visibility_visible gform_consent\"  data-field-class=\"gform_consent\" ><label class='gfield_label gform-field-label gfield_label_before_complex' >Agreement<span class=\"gfield_required\"><span class=\"gfield_required gfield_required_asterisk\">*<\/span><\/span><\/label><div class='ginput_container ginput_container_consent'><input autocomplete=\"off\"  name='input_7.1' id='input_6_7_1' type='checkbox' value='1'   aria-required=\"true\" aria-invalid=\"false\"   \/> <label class=\"gform-field-label gform-field-label--type-inline gfield_consent_label\" for='input_6_7_1' >By sending this form I accept that my information will be saved in Sweco customer register. <a href=\"https:\/\/www.sweco.fi\/en\/about-sweco\/sweco-data-privacy-statement\/\">Sweco Data Privacy Statement<\/a>&gt;<\/label><input autocomplete=\"off\"  type='hidden' name='input_7.2' value='By sending this form I accept that my information will be saved in Sweco customer register. &lt;a href=&quot;https:\/\/www.sweco.fi\/en\/about-sweco\/sweco-data-privacy-statement\/&quot;&gt;Sweco Data Privacy Statement&lt;\/a&gt;&gt;' class='gform_hidden' \/><input autocomplete=\"off\"  type='hidden' name='input_7.3' value='5' class='gform_hidden' \/><\/div><\/li><\/ul><\/div>\n        <div class='gform-footer gform_footer top_label'> <button class='btn btn__primary' id='gform_submit_button_6'><span>Send<\/span><\/button> <input type='hidden' name='gform_ajax' value='form_id=6&amp;title=&amp;description=&amp;tabindex=0&amp;theme=legacy&amp;hash=4fef7decf52ef6029b89308caac65e3b' \/>\n            <input type='hidden' class='gform_hidden' name='gform_submission_method' data-js='gform_submission_method_6' value='iframe' \/>\n            <input type='hidden' class='gform_hidden' name='gform_theme' data-js='gform_theme_6' id='gform_theme_6' value='legacy' \/>\n            <input type='hidden' class='gform_hidden' name='gform_style_settings' data-js='gform_style_settings_6' id='gform_style_settings_6' value='' \/>\n            <input type='hidden' class='gform_hidden' name='is_submit_6' value='1' \/>\n            <input type='hidden' class='gform_hidden' name='gform_submit' value='6' \/>\n            \n            <input type='hidden' class='gform_hidden' name='gform_unique_id' value='' \/>\n            <input type='hidden' class='gform_hidden' name='state_6' value='WyJ7XCI3LjFcIjpcIjVhYWVlZmI3NTc0MTU1YjA1ZTkwNjQxMWI2MWVlNGZiXCIsXCI3LjJcIjpcIjNiMjE4NmJlMWQ5YWNhNTQ3NTA5NzgyNzViYzNjNmM4XCIsXCI3LjNcIjpcIjY5M2FkN2IxNjZjMGFlYWRiOTEwNmMzMjZkNGEwOGZhXCJ9IiwiZTk3ZDcyNzQ2ZWYyMzZjOTU0OGJiOGM0NWQ0ZTRiNTYiXQ==' \/>\n            <input type='hidden' autocomplete='off' class='gform_hidden' name='gform_target_page_number_6' id='gform_target_page_number_6' value='0' \/>\n            <input type='hidden' autocomplete='off' class='gform_hidden' name='gform_source_page_number_6' id='gform_source_page_number_6' value='1' \/>\n            <input type='hidden' name='gform_field_values' value='' \/>\n            \n        <\/div>\n                        <\/form>\n                        <\/div>\n\t\t                <iframe style='display:none;width:0px;height:0px;' src='about:blank' name='gform_ajax_frame_6' id='gform_ajax_frame_6' title='This iframe contains the logic required to handle Ajax powered Gravity Forms.'><\/iframe>\n\t\t                <script type=\"text\/javascript\">\n\/* <![CDATA[ *\/\n gform.initializeOnLoaded( function() {gformInitSpinner( 6, 'https:\/\/www.sweco.fi\/wp-content\/themes\/sweco\/assets\/dist\/oval.svg', true );jQuery('#gform_ajax_frame_6').on('load',function(){var contents = jQuery(this).contents().find('*').html();var is_postback = contents.indexOf('GF_AJAX_POSTBACK') >= 0;if(!is_postback){return;}var form_content = jQuery(this).contents().find('#gform_wrapper_6');var is_confirmation = jQuery(this).contents().find('#gform_confirmation_wrapper_6').length > 0;var is_redirect = contents.indexOf('gformRedirect(){') >= 0;var is_form = form_content.length > 0 && ! is_redirect && ! is_confirmation;var mt = parseInt(jQuery('html').css('margin-top'), 10) + parseInt(jQuery('body').css('margin-top'), 10) + 100;if(is_form){jQuery('#gform_wrapper_6').html(form_content.html());if(form_content.hasClass('gform_validation_error')){jQuery('#gform_wrapper_6').addClass('gform_validation_error');} else {jQuery('#gform_wrapper_6').removeClass('gform_validation_error');}setTimeout( function() { \/* delay the scroll by 50 milliseconds to fix a bug in chrome *\/  }, 50 );if(window['gformInitDatepicker']) {gformInitDatepicker();}if(window['gformInitPriceFields']) {gformInitPriceFields();}var current_page = jQuery('#gform_source_page_number_6').val();gformInitSpinner( 6, 'https:\/\/www.sweco.fi\/wp-content\/themes\/sweco\/assets\/dist\/oval.svg', true );jQuery(document).trigger('gform_page_loaded', [6, current_page]);window['gf_submitting_6'] = false;}else if(!is_redirect){var confirmation_content = jQuery(this).contents().find('.GF_AJAX_POSTBACK').html();if(!confirmation_content){confirmation_content = contents;}jQuery('#gform_wrapper_6').replaceWith(confirmation_content);jQuery(document).trigger('gform_confirmation_loaded', [6]);window['gf_submitting_6'] = false;wp.a11y.speak(jQuery('#gform_confirmation_message_6').text());}else{jQuery('#gform_6').append(contents);if(window['gformRedirect']) {gformRedirect();}}jQuery(document).trigger(\"gform_pre_post_render\", [{ formId: \"6\", currentPage: \"current_page\", abort: function() { this.preventDefault(); } }]);        if (event && event.defaultPrevented) {                return;        }        const gformWrapperDiv = document.getElementById( \"gform_wrapper_6\" );        if ( gformWrapperDiv ) {            const visibilitySpan = document.createElement( \"span\" );            visibilitySpan.id = \"gform_visibility_test_6\";            gformWrapperDiv.insertAdjacentElement( \"afterend\", visibilitySpan );        }        const visibilityTestDiv = document.getElementById( \"gform_visibility_test_6\" );        let postRenderFired = false;        function triggerPostRender() {            if ( postRenderFired ) {                return;            }            postRenderFired = true;            gform.core.triggerPostRenderEvents( 6, current_page );            if ( visibilityTestDiv ) {                visibilityTestDiv.parentNode.removeChild( visibilityTestDiv );            }        }        function debounce( func, wait, immediate ) {            var timeout;            return function() {                var context = this, args = arguments;                var later = function() {                    timeout = null;                    if ( !immediate ) func.apply( context, args );                };                var callNow = immediate && !timeout;                clearTimeout( timeout );                timeout = setTimeout( later, wait );                if ( callNow ) func.apply( context, args );            };        }        const debouncedTriggerPostRender = debounce( function() {            triggerPostRender();        }, 200 );        if ( visibilityTestDiv && visibilityTestDiv.offsetParent === null ) {            const observer = new MutationObserver( ( mutations ) => {                mutations.forEach( ( mutation ) => {                    if ( mutation.type === 'attributes' && visibilityTestDiv.offsetParent !== null ) {                        debouncedTriggerPostRender();                        observer.disconnect();                    }                });            });            observer.observe( document.body, {                attributes: true,                childList: false,                subtree: true,                attributeFilter: [ 'style', 'class' ],            });        } else {            triggerPostRender();        }    } );} ); \n\/* ]]> *\/\n<\/script>\n                <\/div>\n            <\/div>\n        \n\t<\/div>\n<\/section>\n","protected":false},"excerpt":{"rendered":"","protected":false},"author":41,"featured_media":16725,"parent":37144,"menu_order":22,"comment_status":"closed","ping_status":"closed","template":"","meta":{"_acf_changed":false,"_seopress_robots_primary_cat":"","_seopress_titles_title":"","_seopress_titles_desc":"We provide support with the necessary and high-quality information modelling (BIM) at every stage of a built environment\u2019s lifecycle. Contact Us!","_seopress_robots_index":"","footnotes":""},"class_list":["post-39811","page","type-page","status-publish","has-post-thumbnail","hentry"],"acf":[],"_links":{"self":[{"href":"https:\/\/www.sweco.fi\/en\/wp-json\/wp\/v2\/pages\/39811","targetHints":{"allow":["GET"]}}],"collection":[{"href":"https:\/\/www.sweco.fi\/en\/wp-json\/wp\/v2\/pages"}],"about":[{"href":"https:\/\/www.sweco.fi\/en\/wp-json\/wp\/v2\/types\/page"}],"author":[{"embeddable":true,"href":"https:\/\/www.sweco.fi\/en\/wp-json\/wp\/v2\/users\/41"}],"replies":[{"embeddable":true,"href":"https:\/\/www.sweco.fi\/en\/wp-json\/wp\/v2\/comments?post=39811"}],"version-history":[{"count":11,"href":"https:\/\/www.sweco.fi\/en\/wp-json\/wp\/v2\/pages\/39811\/revisions"}],"predecessor-version":[{"id":40273,"href":"https:\/\/www.sweco.fi\/en\/wp-json\/wp\/v2\/pages\/39811\/revisions\/40273"}],"up":[{"embeddable":true,"href":"https:\/\/www.sweco.fi\/en\/wp-json\/wp\/v2\/pages\/37144"}],"wp:featuredmedia":[{"embeddable":true,"href":"https:\/\/www.sweco.fi\/en\/wp-json\/wp\/v2\/media\/16725"}],"wp:attachment":[{"href":"https:\/\/www.sweco.fi\/en\/wp-json\/wp\/v2\/media?parent=39811"}],"curies":[{"name":"wp","href":"https:\/\/api.w.org\/{rel}","templated":true}]}}