{"id":73057,"date":"2025-11-12T14:31:50","date_gmt":"2025-11-12T12:31:50","guid":{"rendered":"https:\/\/www.sweco.fi\/?page_id=73057"},"modified":"2025-11-18T14:23:06","modified_gmt":"2025-11-18T12:23:06","slug":"p2x-guide","status":"publish","type":"page","link":"https:\/\/www.sweco.fi\/en\/energy\/p2x-guide\/","title":{"rendered":"P2X Guide"},"content":{"rendered":"\t<section class=\" block--white\" >\n\t\t<div class=\"block__inner\">\n\t\t\t<div class=\"col--12 col--center col--wrapper\">\n\t\t\t\t<div class=\"col col--6 col--md--12 col--sm--12 editor-content\">\n\t\t\t\t\t<div\r\n        data-form-id='b2e78f05-abbf-f011-bbd3-000d3a25bb07'\r\n        data-form-api-url='https:\/\/public-eur.mkt.dynamics.com\/api\/v1.0\/orgs\/656f33a5-abf0-428b-afc1-3384b10d248f\/landingpageforms'\r\n        data-cached-form-url='https:\/\/assets-eur.mkt.dynamics.com\/656f33a5-abf0-428b-afc1-3384b10d248f\/digitalassets\/forms\/b2e78f05-abbf-f011-bbd3-000d3a25bb07' ><\/div>\r\n        <script src = 'https:\/\/cxppusa1formui01cdnsa01-endpoint.azureedge.net\/eur\/FormLoader\/FormLoader.bundle.js' ><\/script>\t\t\t\t<\/div>\n\t\t\t<\/div>\n\t\t<\/div>\n\t<\/section>\n\n\n    <section class=\"block block--white related-content\" >\n        <div class=\"block__inner related-content__inner\">\n            <div class=\"col--11 col--wrapper col--start col--stretch col--bottom \">\n                                    <div class=\"col col--12 editor-content related-content__title\">\n                        <h3 class=\"h3 hyphenate\">Explore our services and blogs on the energy transition!<\/h3>                    <\/div>\n                \n                                    <div class=\"col col--4 item item--img\">\n\n                                                    <a href=\"https:\/\/www.sweco.fi\/en\/services\/industry\/environmental-services\/\" title=\"Environmental services\" >\n                                <div class=\"item__title\">\n                                    <p class=\"h4 hyphenate\">Environmental services<\/p>                                    <p class=\"item__title--info\">\n                                                                                                                                                            <\/p>\n                                <\/div>\n                                <figure class=\"item__image\">\n                                    <img loading=\"lazy\" decoding=\"async\" width=\"520\" height=\"296\" src=\"https:\/\/www.sweco.fi\/wp-content\/uploads\/sites\/7\/2023\/03\/Teollisuuden-ymparistopalvelut-520x296.jpg\" class=\"attachment-insights-featured size-insights-featured\" alt=\"\" \/>                                <\/figure>\n                            <\/a>\n                        \n                                            <\/div>\n                                    <div class=\"col col--4 item item--img\">\n\n                                                    <a href=\"https:\/\/www.sweco.fi\/en\/energy\/solar-energy\/\" title=\"Solar energy services\" >\n                                <div class=\"item__title\">\n                                    <p class=\"h4 hyphenate\">Solar energy services<\/p>                                    <p class=\"item__title--info\">\n                                                                                                                                                            <\/p>\n                                <\/div>\n                                <figure class=\"item__image\">\n                                    <img loading=\"lazy\" decoding=\"async\" width=\"520\" height=\"296\" src=\"https:\/\/www.sweco.fi\/wp-content\/uploads\/sites\/7\/2023\/11\/Aurinkoenergia-Sweco-520x296.jpg\" class=\"attachment-insights-featured size-insights-featured\" alt=\"Aurinkoenergia Sweco\" \/>                                <\/figure>\n                            <\/a>\n                        \n                                            <\/div>\n                                    <div class=\"col col--4 item item--img\">\n\n                                                    <a href=\"https:\/\/www.sweco.fi\/en\/energy-infrastructure-design-and-consulting-of-critical-energy-networks\/\" title=\"Energy infrastructure services\" >\n                                <div class=\"item__title\">\n                                    <p class=\"h4 hyphenate\">Energy infrastructure services<\/p>                                    <p class=\"item__title--info\">\n                                                                                                                                                            <\/p>\n                                <\/div>\n                                <figure class=\"item__image\">\n                                    <img loading=\"lazy\" decoding=\"async\" width=\"520\" height=\"296\" src=\"https:\/\/www.sweco.fi\/wp-content\/uploads\/sites\/7\/2024\/09\/Energiainfra-520x296.jpg\" class=\"attachment-insights-featured size-insights-featured\" alt=\"energiainfra\" \/>                                <\/figure>\n                            <\/a>\n                        \n                                            <\/div>\n                                    <div class=\"col col--4 item item--img\">\n\n                                                    <a href=\"https:\/\/www.sweco.fi\/en\/energy-storage-expert-services\/\" title=\"Energy storage expert services\" >\n                                <div class=\"item__title\">\n                                    <p class=\"h4 hyphenate\">Energy storage expert services<\/p>                                    <p class=\"item__title--info\">\n                                                                                                                                                            <\/p>\n                                <\/div>\n                                <figure class=\"item__image\">\n                                    <img loading=\"lazy\" decoding=\"async\" width=\"520\" height=\"296\" src=\"https:\/\/www.sweco.fi\/wp-content\/uploads\/sites\/7\/2023\/12\/Akkuvarastointi_kuva-Shutterstock-520x296.jpg\" class=\"attachment-insights-featured size-insights-featured\" alt=\"\" \/>                                <\/figure>\n                            <\/a>\n                        \n                                            <\/div>\n                                    <div class=\"col col--4 item item--img\">\n\n                                                    <a href=\"https:\/\/www.sweco.fi\/en\/services\/industry\/ind\/battery-industry\/\" title=\"Battery industry\" >\n                                <div class=\"item__title\">\n                                    <p class=\"h4 hyphenate\">Battery industry<\/p>                                    <p class=\"item__title--info\">\n                                                                                                                                                            <\/p>\n                                <\/div>\n                                <figure class=\"item__image\">\n                                    <img loading=\"lazy\" decoding=\"async\" width=\"520\" height=\"296\" src=\"https:\/\/www.sweco.fi\/wp-content\/uploads\/sites\/7\/2021\/08\/Northvolt_copyright_Northvolt-520x296.jpg\" class=\"attachment-insights-featured size-insights-featured\" alt=\"Northvolt_copyright_Northvolt\" \/>                                <\/figure>\n                            <\/a>\n                        \n                                            <\/div>\n                                    <div class=\"col col--4 item item--img\">\n\n                                                    <a href=\"https:\/\/www.sweco.fi\/en\/energy\/\" title=\"Energy services\" >\n                                <div class=\"item__title\">\n                                    <p class=\"h4 hyphenate\">Energy services<\/p>                                    <p class=\"item__title--info\">\n                                                                                                                                                            <\/p>\n                                <\/div>\n                                <figure class=\"item__image\">\n                                    <img loading=\"lazy\" decoding=\"async\" width=\"520\" height=\"296\" src=\"https:\/\/www.sweco.fi\/wp-content\/uploads\/sites\/7\/2023\/06\/Energiamurros_laaja-520x296.jpg\" class=\"attachment-insights-featured size-insights-featured\" alt=\"\" \/>                                <\/figure>\n                            <\/a>\n                        \n                                            <\/div>\n                                    <div class=\"col col--4 item item--img\">\n\n                                                    <a href=\"https:\/\/www.sweco.fi\/en\/p2x\/\" title=\"P2X \" >\n                                <div class=\"item__title\">\n                                    <p class=\"h4 hyphenate\">P2X <\/p>                                    <p class=\"item__title--info\">\n                                                                                                                                                            <\/p>\n                                <\/div>\n                                <figure class=\"item__image\">\n                                    <img loading=\"lazy\" decoding=\"async\" width=\"520\" height=\"296\" src=\"https:\/\/www.sweco.fi\/wp-content\/uploads\/sites\/7\/2023\/07\/Power-to-X_copyright-Sweco-Urban-Insight-520x296.jpg\" class=\"attachment-insights-featured size-insights-featured\" alt=\"\" \/>                                <\/figure>\n                            <\/a>\n                        \n                                            <\/div>\n                                    <div class=\"col col--4 item item--img\">\n\n                                                    <a href=\"https:\/\/www.sweco.fi\/en\/project-management-and-construction-services\/project-management-service\/\" title=\"Project Management Services\" >\n                                <div class=\"item__title\">\n                                    <p class=\"h4 hyphenate\">Project Management Services<\/p>                                    <p class=\"item__title--info\">\n                                                                                                                                                            <\/p>\n                                <\/div>\n                                <figure class=\"item__image\">\n                                    <img loading=\"lazy\" decoding=\"async\" width=\"520\" height=\"296\" src=\"https:\/\/www.sweco.fi\/wp-content\/uploads\/sites\/7\/2022\/03\/kyberturvallisuus-riskinhallinta-520x296.jpg\" class=\"attachment-insights-featured size-insights-featured\" alt=\"\" \/>                                <\/figure>\n                            <\/a>\n                        \n                                            <\/div>\n                                    <div class=\"col col--4 item item--img\">\n\n                                                    <a href=\"https:\/\/www.sweco.fi\/en\/carbon-sequestration-and-carbon-capture\/\" title=\"Carbon sequestration and carbon capture\" >\n                                <div class=\"item__title\">\n                                    <p class=\"h4 hyphenate\">Carbon sequestration and carbon capture<\/p>                                    <p class=\"item__title--info\">\n                                                                                                                                                            <\/p>\n                                <\/div>\n                                <figure class=\"item__image\">\n                                    <img loading=\"lazy\" decoding=\"async\" width=\"520\" height=\"296\" src=\"https:\/\/www.sweco.fi\/wp-content\/uploads\/sites\/7\/2024\/01\/CCUS_Norrena-blogi-520x296.jpg\" class=\"attachment-insights-featured size-insights-featured\" alt=\"\" \/>                                <\/figure>\n                            <\/a>\n                        \n                                            <\/div>\n                                    <div class=\"col col--4 item item--img\">\n\n                                                    <a href=\"https:\/\/www.sweco.fi\/en\/insight\/news\/strategic-environmental-impact-assessment-for-offshore-wind-power\/\" title=\"Environmental impact assessment (SEA) for offshore wind power\" >\n                                <div class=\"item__title\">\n                                    <p class=\"h4 hyphenate\">Environmental impact assessment (SEA) for offshore wind power<\/p>                                    <p class=\"item__title--info\">\n                                                                                                                                                            <\/p>\n                                <\/div>\n                                <figure class=\"item__image\">\n                                    <img loading=\"lazy\" decoding=\"async\" width=\"520\" height=\"296\" src=\"https:\/\/www.sweco.fi\/wp-content\/uploads\/sites\/7\/2025\/05\/Merituulivoiman-SOVA-arviointi-520x296.jpg\" class=\"attachment-insights-featured size-insights-featured\" alt=\"Tuulimyllyj\u00e4 riviss\u00e4 merell\u00e4, aurinkoinen taivas, muutamia pilvenhattaroita.\" srcset=\"https:\/\/www.sweco.fi\/wp-content\/uploads\/sites\/7\/2025\/05\/Merituulivoiman-SOVA-arviointi-520x296.jpg 520w, https:\/\/www.sweco.fi\/wp-content\/uploads\/sites\/7\/2025\/05\/Merituulivoiman-SOVA-arviointi-200x113.jpg 200w\" sizes=\"auto, (max-width: 520px) 100vw, 520px\" \/>                                <\/figure>\n                            <\/a>\n                        \n                                            <\/div>\n                                    <div class=\"col col--4 item item--img\">\n\n                                                    <a href=\"https:\/\/www.sweco.fi\/en\/green-transition\/\" title=\"Green transition services\" >\n                                <div class=\"item__title\">\n                                    <p class=\"h4 hyphenate\">Green transition services<\/p>                                    <p class=\"item__title--info\">\n                                                                                                                                                            <\/p>\n                                <\/div>\n                                <figure class=\"item__image\">\n                                    <img loading=\"lazy\" decoding=\"async\" width=\"520\" height=\"296\" src=\"https:\/\/www.sweco.fi\/wp-content\/uploads\/sites\/7\/2024\/04\/Vihrea-siirtyma-teollisuudessa-sweco-520x296.jpg\" class=\"attachment-insights-featured size-insights-featured\" alt=\"Vihrea siirtyma teollisuudessa sweco\" \/>                                <\/figure>\n                            <\/a>\n                        \n                                            <\/div>\n                \n                            <\/div>\n        <\/div>\n    <\/section>\n","protected":false},"excerpt":{"rendered":"","protected":false},"author":97,"featured_media":0,"parent":18146,"menu_order":0,"comment_status":"closed","ping_status":"closed","template":"","meta":{"_acf_changed":false,"_seopress_robots_primary_cat":"","_seopress_titles_title":"","_seopress_titles_desc":"P2x Guide - download the guide free of changes and explore the possibilities of green hydrogen.","_seopress_robots_index":"","footnotes":""},"class_list":["post-73057","page","type-page","status-publish","hentry"],"acf":[],"_links":{"self":[{"href":"https:\/\/www.sweco.fi\/en\/wp-json\/wp\/v2\/pages\/73057","targetHints":{"allow":["GET"]}}],"collection":[{"href":"https:\/\/www.sweco.fi\/en\/wp-json\/wp\/v2\/pages"}],"about":[{"href":"https:\/\/www.sweco.fi\/en\/wp-json\/wp\/v2\/types\/page"}],"author":[{"embeddable":true,"href":"https:\/\/www.sweco.fi\/en\/wp-json\/wp\/v2\/users\/97"}],"replies":[{"embeddable":true,"href":"https:\/\/www.sweco.fi\/en\/wp-json\/wp\/v2\/comments?post=73057"}],"version-history":[{"count":9,"href":"https:\/\/www.sweco.fi\/en\/wp-json\/wp\/v2\/pages\/73057\/revisions"}],"predecessor-version":[{"id":73190,"href":"https:\/\/www.sweco.fi\/en\/wp-json\/wp\/v2\/pages\/73057\/revisions\/73190"}],"up":[{"embeddable":true,"href":"https:\/\/www.sweco.fi\/en\/wp-json\/wp\/v2\/pages\/18146"}],"wp:attachment":[{"href":"https:\/\/www.sweco.fi\/en\/wp-json\/wp\/v2\/media?parent=73057"}],"curies":[{"name":"wp","href":"https:\/\/api.w.org\/{rel}","templated":true}]}}