{"id":74817,"date":"2026-01-30T15:04:32","date_gmt":"2026-01-30T13:04:32","guid":{"rendered":"https:\/\/www.sweco.fi\/?page_id=74817"},"modified":"2026-01-30T15:04:33","modified_gmt":"2026-01-30T13:04:33","slug":"reach-services","status":"publish","type":"page","link":"https:\/\/www.sweco.fi\/en\/services\/industry\/safety\/chemical\/reach-services\/","title":{"rendered":"REACH-services"},"content":{"rendered":"<section class=\"block hero \" >\n    <img width=\"1680\" height=\"800\" src=\"https:\/\/www.sweco.fi\/wp-content\/uploads\/sites\/7\/2026\/01\/REACH-services-1-1680x800.jpg\" class=\"hero__bg-img\" alt=\"Two professionals working on laptops in a modern office, architectural models in the background.\" fetchpriority=\"high\" decoding=\"async\" sizes=\"(max-width: 767px) 1080px, 1920px\" \/>        \n\t        <div class=\"block__inner hero__blurbs\" data-amount=\"1\">\n\t\t\t                <a href=\"https:\/\/www.sweco.fi\/en\/services\/industry\/safety\/chemical\/\" target=\"\"\n                   class=\"col--12\">\n                <span>\n                    \t                Read more &#8211; Chemical                     <span class=\"last\">\n                        safety                        <i class=\"icon icon-arrow-right\"><\/i>\n                    <\/span>\n                <\/span>\n                <\/a>\n\t\t\t        <\/div>\n\t<\/section>\n\n\n\n\n<section class=\"block cb block--white\" >\n\t<div class=\"block__inner cb__inner cb__inner--one\">\n\t<div class=\"col--12 col--center col--wrapper\">\n\t\t<div class=\"col col--6 editor-content\">\n\t\t\t<h1>REACH services \u2013 Ensure chemical safety and regulatory compliance<\/h1>\n<p><strong>The REACH Regulation (Registration, Evaluation, Authorisation and Restriction of Chemicals)<\/strong>, EC No. 1907\/2006, is an EU chemicals regulation that applies to all companies that manufacture, import, or use chemicals. Compliance with REACH requirements is a legal obligation\u2014but also a competitive advantage.<\/p>\n<p>The objective of the REACH Regulation is to protect human health and the environment from the risks posed by chemicals, while enhancing the competitiveness of the EU chemicals industry.<\/p>\n<p>Companies must demonstrate the safe use of substances to the European Chemicals Agency (ECHA) and inform users about appropriate risk management measures. In the long term, the most hazardous substances must be replaced with safer alternatives. The REACH Regulation affects manufacturers, importers, and downstream users. Obligations also apply to products purchased from outside the EU and are fulfilled by importers operating within the EU or by the manufacturer\u2019s appointed representatives.<\/p>\n\t\t<\/div>\n\t<\/div>\n<\/div>\n<\/section>\n\n\n<section class=\"block block--white columns\" >\n\t<div class=\"block__inner columns__inner\">\n\t\t<div class=\"col--11 col--wrapper col--stretch\">\n\t\t\t\n\t\t\t\t\t\t\t<div class=\"columns__col col col--6\">\n\t\t\t\t\t<div class=\"editor-content columns__content columns__content--content\">\n\t\t\t\t\t\t<p>&nbsp;<\/p>\n<div>\n<h2>Why is REACH important for your company?<\/h2>\n<ol>\n<li><strong>Regulatory compliance:<\/strong> Avoid sanctions and disruptions to your business.<\/li>\n<li><strong>Safety and responsibility:<\/strong> Protect employees, client, and the environment.<\/li>\n<li><strong>Competitiveness:<\/strong> Responsible operations build trust and open new market opportunities.<\/li>\n<li><strong>Cost efficiency:<\/strong> Timely REACH registration and effective risk management reduce unnecessary expenses.<\/li>\n<\/ol>\n<\/div>\n\t\t\t\t\t<\/div>\n\t\t\t\t<\/div>\n\t\t\t\t\t\t\t<div class=\"columns__col col col--6\">\n\t\t\t\t\t<div class=\"editor-content columns__content columns__content--image\">\n\t\t\t\t\t\t<img loading=\"lazy\" decoding=\"async\" width=\"1680\" height=\"1000\" src=\"https:\/\/www.sweco.fi\/wp-content\/uploads\/sites\/7\/2026\/01\/REACH.jpg\" class=\"attachment-full size-full\" alt=\"Laboratorioasuinen henkil\u00f6 pitelee punaista nestett\u00e4 sis\u00e4lt\u00e4v\u00e4\u00e4 py\u00f6re\u00e4\u00e4 labkapulloa.\" srcset=\"https:\/\/www.sweco.fi\/wp-content\/uploads\/sites\/7\/2026\/01\/REACH.jpg 1680w, https:\/\/www.sweco.fi\/wp-content\/uploads\/sites\/7\/2026\/01\/REACH-200x119.jpg 200w, https:\/\/www.sweco.fi\/wp-content\/uploads\/sites\/7\/2026\/01\/REACH-768x457.jpg 768w, https:\/\/www.sweco.fi\/wp-content\/uploads\/sites\/7\/2026\/01\/REACH-1536x914.jpg 1536w, https:\/\/www.sweco.fi\/wp-content\/uploads\/sites\/7\/2026\/01\/REACH-1260x750.jpg 1260w, https:\/\/www.sweco.fi\/wp-content\/uploads\/sites\/7\/2026\/01\/REACH-520x310.jpg 520w, https:\/\/www.sweco.fi\/wp-content\/uploads\/sites\/7\/2026\/01\/REACH-800x476.jpg 800w, https:\/\/www.sweco.fi\/wp-content\/uploads\/sites\/7\/2026\/01\/REACH-504x300.jpg 504w, https:\/\/www.sweco.fi\/wp-content\/uploads\/sites\/7\/2026\/01\/REACH-756x450.jpg 756w, https:\/\/www.sweco.fi\/wp-content\/uploads\/sites\/7\/2026\/01\/REACH-652x388.jpg 652w\" sizes=\"auto, (max-width: 1680px) 100vw, 1680px\" \/>\t\t\t\t\t<\/div>\n\t\t\t\t<\/div>\n\t\t\t\n\t\t<\/div>\n\t<\/div>\n<\/section>\n\n\n<section class=\"block cb block--white\" >\n\t<div class=\"block__inner cb__inner cb__inner--one\">\n\t<div class=\"col--12 col--center col--wrapper\">\n\t\t<div class=\"col col--6 editor-content\">\n\t\t\t<h2>Our Services cover the entire REACH process<\/h2>\n<div>\n<p>We provide expert support throughout every stage of REACH compliance \u2013 from registration to ongoing monitoring.<\/p>\n<h3>Before REACH registration<\/h3>\n<ol>\n<li>Obligation assessments and action plans<\/li>\n<li>Registration exemption and restriction assessments<\/li>\n<li>Substance identity evaluations<\/li>\n<li>Data gap analyses and testing strategies<\/li>\n<li>PPORD notifications<\/li>\n<\/ol>\n<h3>During the REACH registration phase<\/h3>\n<ol>\n<li>REACH registrations and their maintenance<\/li>\n<li>Review of registration dossiers<\/li>\n<li>Data management and communication tools (REACH-IT, IUCLID)<\/li>\n<li>Chemical Safety Assessments (CSA)<\/li>\n<li>Preparation and evaluation of exposure scenarios<\/li>\n<\/ol>\n<h3>Additional REACH services<\/h3>\n<ol>\n<li>Downstream user obligations (CSR, exposure scenario compliance assessment)<\/li>\n<li>Substance and obligation monitoring (SVHC, restricted substances, authorised substances)<\/li>\n<li>Substances in articles<\/li>\n<li>Consulting and training<\/li>\n<li>Toxicological and ecotoxicological services<\/li>\n<li>Authority communication and consortium management<\/li>\n<li>Authorisation applications for the use of substances subject to authorisation<\/li>\n<li>End-of-Waste assessments (materials, by-products, circular economy)<\/li>\n<\/ol>\n<h2>Our REACH process<\/h2>\n<p><strong>1. Assessment<\/strong> \u2013 We identify your company\u2019s REACH obligations and risks<\/p>\n<p><strong>2. Plan<\/strong> \u2013 We create an action plan and schedule<\/p>\n<p><strong>3. Execution<\/strong> \u2013 We manage registrations, assessments, and authority communication<\/p>\n<p><strong>4. Continuous Support<\/strong> \u2013 We monitor substances and regulations and provide training<\/p>\n<h2>Why choose Sweco as your REACH partner?<\/h2>\n<ol>\n<li><strong>Expertise:<\/strong> Years of experience in managing REACH requirements<\/li>\n<li><strong>Comprehensive solutions:<\/strong> Services from registration to ongoing regulatory monitoring<\/li>\n<li><strong>Cost efficiency:<\/strong> Optimised processes and clear operating models<\/li>\n<li><strong>Reliability:<\/strong> Close cooperation with authorities and consortia<\/li>\n<\/ol>\n<\/div>\n\t\t<\/div>\n\t<\/div>\n<\/div>\n<\/section>\n\n\n<section class=\"block block--white columns\" >\n\t<div class=\"block__inner columns__inner\">\n\t\t<div class=\"col--11 col--wrapper col--stretch\">\n\t\t\t\n\t\t\t\t\t\t\t<div class=\"columns__col col col--6\">\n\t\t\t\t\t<div class=\"editor-content columns__content columns__content--image\">\n\t\t\t\t\t\t<img loading=\"lazy\" decoding=\"async\" width=\"1680\" height=\"1000\" src=\"https:\/\/www.sweco.fi\/wp-content\/uploads\/sites\/7\/2026\/01\/REACH_2.jpg\" class=\"attachment-full size-full\" alt=\"Kaksi tutkijaa laboratoriotakeissa ty\u00f6skentelee laboratoriossa pit\u00e4en v\u00e4rillisi\u00e4 nesteit\u00e4.\" srcset=\"https:\/\/www.sweco.fi\/wp-content\/uploads\/sites\/7\/2026\/01\/REACH_2.jpg 1680w, https:\/\/www.sweco.fi\/wp-content\/uploads\/sites\/7\/2026\/01\/REACH_2-200x119.jpg 200w, https:\/\/www.sweco.fi\/wp-content\/uploads\/sites\/7\/2026\/01\/REACH_2-768x457.jpg 768w, https:\/\/www.sweco.fi\/wp-content\/uploads\/sites\/7\/2026\/01\/REACH_2-1536x914.jpg 1536w, https:\/\/www.sweco.fi\/wp-content\/uploads\/sites\/7\/2026\/01\/REACH_2-1260x750.jpg 1260w, https:\/\/www.sweco.fi\/wp-content\/uploads\/sites\/7\/2026\/01\/REACH_2-520x310.jpg 520w, https:\/\/www.sweco.fi\/wp-content\/uploads\/sites\/7\/2026\/01\/REACH_2-800x476.jpg 800w, https:\/\/www.sweco.fi\/wp-content\/uploads\/sites\/7\/2026\/01\/REACH_2-504x300.jpg 504w, https:\/\/www.sweco.fi\/wp-content\/uploads\/sites\/7\/2026\/01\/REACH_2-756x450.jpg 756w, https:\/\/www.sweco.fi\/wp-content\/uploads\/sites\/7\/2026\/01\/REACH_2-652x388.jpg 652w\" sizes=\"auto, (max-width: 1680px) 100vw, 1680px\" \/>\t\t\t\t\t<\/div>\n\t\t\t\t<\/div>\n\t\t\t\t\t\t\t<div class=\"columns__col col col--6\">\n\t\t\t\t\t<div class=\"editor-content columns__content columns__content--content\">\n\t\t\t\t\t\t<h3><\/h3>\n<h2>What does REACH mean?<\/h2>\n<p>REACH is an EU chemicals regulation that requires the registration, evaluation, authorisation and restriction of chemicals. Its purpose is to ensure the safe use of chemical substances.<\/p>\n<h2>Who do REACH requirements apply to?<\/h2>\n<p>All companies that manufacture, import or use chemicals in the EU \u2013 including companies that import products from outside the EU.<\/p>\n<h2>What happens If REACH registration is not completed?<\/h2>\n<p>A company may lose the right to sell or use chemicals in the EU, and non-compliance can result in significant penalties.<\/p>\n<h2>How does REACH affect the circular economy?<\/h2>\n<p>End-of-Waste products are also subject to obligations under chemicals legislation. This includes the REACH Regulation, which may provide certain exemptions for recycled materials, supporting the circular economy and sustainable development<\/p>\n<div><strong>Get in touch today<\/strong> and make sure your company meets REACH requirements efficiently and safely.<\/div>\n\t\t\t\t\t<\/div>\n\t\t\t\t<\/div>\n\t\t\t\n\t\t<\/div>\n\t<\/div>\n<\/section>\n\n\n<section class=\"block form-block block--white\" >\n\t<div class=\"block__inner form-block__inner \">\n\n                    <div class=\"col--11 col--wrapper\">\n                                    <div class=\"col col--4 editor-content form-block__title\">\n                        <h3 class=\"h3 hyphenate\">Contact Us!<\/h3>                    <\/div>\n                    <div class=\"col--12 col\"><\/div>\n                \n                <div class=\"col col--4 editor-content\">\n                                    <\/div>\n\n                <div class=\"col col--7\">\n                    <script type=\"text\/javascript\">\n\/* <![CDATA[ *\/\nvar gform;gform||(document.addEventListener(\"gform_main_scripts_loaded\",function(){gform.scriptsLoaded=!0}),document.addEventListener(\"gform\/theme\/scripts_loaded\",function(){gform.themeScriptsLoaded=!0}),window.addEventListener(\"DOMContentLoaded\",function(){gform.domLoaded=!0}),gform={domLoaded:!1,scriptsLoaded:!1,themeScriptsLoaded:!1,isFormEditor:()=>\"function\"==typeof InitializeEditor,callIfLoaded:function(o){return!(!gform.domLoaded||!gform.scriptsLoaded||!gform.themeScriptsLoaded&&!gform.isFormEditor()||(gform.isFormEditor()&&console.warn(\"The use of gform.initializeOnLoaded() is deprecated in the form editor context and will be removed in Gravity Forms 3.1.\"),o(),0))},initializeOnLoaded:function(o){gform.callIfLoaded(o)||(document.addEventListener(\"gform_main_scripts_loaded\",()=>{gform.scriptsLoaded=!0,gform.callIfLoaded(o)}),document.addEventListener(\"gform\/theme\/scripts_loaded\",()=>{gform.themeScriptsLoaded=!0,gform.callIfLoaded(o)}),window.addEventListener(\"DOMContentLoaded\",()=>{gform.domLoaded=!0,gform.callIfLoaded(o)}))},hooks:{action:{},filter:{}},addAction:function(o,r,e,t){gform.addHook(\"action\",o,r,e,t)},addFilter:function(o,r,e,t){gform.addHook(\"filter\",o,r,e,t)},doAction:function(o){gform.doHook(\"action\",o,arguments)},applyFilters:function(o){return gform.doHook(\"filter\",o,arguments)},removeAction:function(o,r){gform.removeHook(\"action\",o,r)},removeFilter:function(o,r,e){gform.removeHook(\"filter\",o,r,e)},addHook:function(o,r,e,t,n){null==gform.hooks[o][r]&&(gform.hooks[o][r]=[]);var d=gform.hooks[o][r];null==n&&(n=r+\"_\"+d.length),gform.hooks[o][r].push({tag:n,callable:e,priority:t=null==t?10:t})},doHook:function(r,o,e){var t;if(e=Array.prototype.slice.call(e,1),null!=gform.hooks[r][o]&&((o=gform.hooks[r][o]).sort(function(o,r){return o.priority-r.priority}),o.forEach(function(o){\"function\"!=typeof(t=o.callable)&&(t=window[t]),\"action\"==r?t.apply(null,e):e[0]=t.apply(null,e)})),\"filter\"==r)return e[0]},removeHook:function(o,r,t,n){var e;null!=gform.hooks[o][r]&&(e=(e=gform.hooks[o][r]).filter(function(o,r,e){return!!(null!=n&&n!=o.tag||null!=t&&t!=o.priority)}),gform.hooks[o][r]=e)}});\n\/* ]]> *\/\n<\/script>\n\n                <div class='gf_browser_gecko gform_wrapper gform_legacy_markup_wrapper gform-theme--no-framework' data-form-theme='legacy' data-form-index='0' id='gform_wrapper_6' ><form class=\"gform_analytics_tracking\" method='post' enctype='multipart\/form-data' target='gform_ajax_frame_6' id='gform_6'  action='\/en\/wp-json\/wp\/v2\/pages\/74817' data-formid='6' novalidate autocomplete=\"off\">\n                        <div class='gform-body gform_body'><ul id='gform_fields_6' class='gform_fields top_label form_sublabel_below description_below validation_below'><li id=\"field_6_8\" class=\"gfield gfield--type-honeypot gform_validation_container field_sublabel_below gfield--has-description field_description_below field_validation_below gfield_visibility_visible gform_honeypot\"  data-field-class=\"gform_honeypot\" ><label class='gfield_label gform-field-label' for='input_6_8'>Facebook<\/label><div class='ginput_container'><input autocomplete=\"off\"  name='input_8' id='input_6_8' type='text' value='' autocomplete='new-password'\/><\/div><div class='gfield_description' id='gfield_description_6_8'>This field is for validation purposes and should be left unchanged.<\/div><\/li><li id=\"field_6_1\" class=\"gfield gfield--type-text half field_sublabel_below gfield--no-description field_description_below field_validation_below gfield_visibility_visible gform_text\"  data-field-class=\"gform_text\" ><label class='gfield_label gform-field-label' for='input_6_1'>Name<\/label><div class='ginput_container ginput_container_text'><input autocomplete=\"off\"  name='input_1' id='input_6_1' type='text' value='' class='medium'      aria-invalid=\"false\"   \/><\/div><\/li><li id=\"field_6_2\" class=\"gfield gfield--type-text half field_sublabel_below gfield--no-description field_description_below field_validation_below gfield_visibility_visible gform_text\"  data-field-class=\"gform_text\" ><label class='gfield_label gform-field-label' for='input_6_2'>Company<\/label><div class='ginput_container ginput_container_text'><input autocomplete=\"off\"  name='input_2' id='input_6_2' type='text' value='' class='medium'      aria-invalid=\"false\"   \/><\/div><\/li><li id=\"field_6_5\" class=\"gfield gfield--type-email half gfield_contains_required field_sublabel_below gfield--no-description field_description_below field_validation_below gfield_visibility_visible gform_email\"  data-field-class=\"gform_email\" ><label class='gfield_label gform-field-label' for='input_6_5'>Email<span class=\"gfield_required\"><span class=\"gfield_required gfield_required_asterisk\">*<\/span><\/span><\/label><div class='ginput_container ginput_container_email'>\n                            <input autocomplete=\"off\"  name='input_5' id='input_6_5' type='email' value='' class='medium'    aria-required=\"true\" aria-invalid=\"false\"  \/>\n                        <\/div><\/li><li id=\"field_6_3\" class=\"gfield gfield--type-text half gfield_contains_required field_sublabel_below gfield--no-description field_description_below field_validation_below gfield_visibility_visible gform_text\"  data-field-class=\"gform_text\" ><label class='gfield_label gform-field-label' for='input_6_3'>Mobile<span class=\"gfield_required\"><span class=\"gfield_required gfield_required_asterisk\">*<\/span><\/span><\/label><div class='ginput_container ginput_container_text'><input autocomplete=\"off\"  name='input_3' id='input_6_3' type='text' value='' class='medium'     aria-required=\"true\" aria-invalid=\"false\"   \/><\/div><\/li><li id=\"field_6_6\" class=\"gfield gfield--type-textarea full expanding-textarea field_sublabel_below gfield--no-description field_description_below field_validation_below gfield_visibility_visible gform_textarea\"  data-field-class=\"gform_textarea\" ><label class='gfield_label gform-field-label' for='input_6_6'>How can we help you?<\/label><div class='ginput_container ginput_container_textarea'><textarea autocomplete=\"off\"  name='input_6' id='input_6_6' class='textarea medium'      aria-invalid=\"false\"   rows='10' cols='50'><\/textarea><\/div><\/li><li id=\"field_6_7\" class=\"gfield gfield--type-consent gfield--type-choice gfield--input-type-consent gfield_contains_required field_sublabel_below gfield--no-description field_description_below field_validation_below gfield_visibility_visible gform_consent\"  data-field-class=\"gform_consent\" ><label class='gfield_label gform-field-label gfield_label_before_complex' >Agreement<span class=\"gfield_required\"><span class=\"gfield_required gfield_required_asterisk\">*<\/span><\/span><\/label><div class='ginput_container ginput_container_consent'><input autocomplete=\"off\"  name='input_7.1' id='input_6_7_1' type='checkbox' value='1'   aria-required=\"true\" aria-invalid=\"false\"   \/> <label class=\"gform-field-label gform-field-label--type-inline gfield_consent_label\" for='input_6_7_1' >By sending this form I accept that my information will be saved in Sweco customer register. <a href=\"https:\/\/www.sweco.fi\/en\/about-sweco\/sweco-data-privacy-statement\/\">Sweco Data Privacy Statement<\/a>&gt;<\/label><input autocomplete=\"off\"  type='hidden' name='input_7.2' value='By sending this form I accept that my information will be saved in Sweco customer register. &lt;a href=&quot;https:\/\/www.sweco.fi\/en\/about-sweco\/sweco-data-privacy-statement\/&quot;&gt;Sweco Data Privacy Statement&lt;\/a&gt;&gt;' class='gform_hidden' \/><input autocomplete=\"off\"  type='hidden' name='input_7.3' value='5' class='gform_hidden' \/><\/div><\/li><\/ul><\/div>\n        <div class='gform-footer gform_footer top_label'> <button class='btn btn__primary' id='gform_submit_button_6'><span>Send<\/span><\/button> <input type='hidden' name='gform_ajax' value='form_id=6&amp;title=&amp;description=&amp;tabindex=0&amp;theme=legacy&amp;hash=4fef7decf52ef6029b89308caac65e3b' \/>\n            <input type='hidden' class='gform_hidden' name='gform_submission_method' data-js='gform_submission_method_6' value='iframe' \/>\n            <input type='hidden' class='gform_hidden' name='gform_theme' data-js='gform_theme_6' id='gform_theme_6' value='legacy' \/>\n            <input type='hidden' class='gform_hidden' name='gform_style_settings' data-js='gform_style_settings_6' id='gform_style_settings_6' value='' \/>\n            <input type='hidden' class='gform_hidden' name='is_submit_6' value='1' \/>\n            <input type='hidden' class='gform_hidden' name='gform_submit' value='6' \/>\n            \n            <input type='hidden' class='gform_hidden' name='gform_unique_id' value='' \/>\n            <input type='hidden' class='gform_hidden' name='state_6' value='WyJ7XCI3LjFcIjpcIjVhYWVlZmI3NTc0MTU1YjA1ZTkwNjQxMWI2MWVlNGZiXCIsXCI3LjJcIjpcIjNiMjE4NmJlMWQ5YWNhNTQ3NTA5NzgyNzViYzNjNmM4XCIsXCI3LjNcIjpcIjY5M2FkN2IxNjZjMGFlYWRiOTEwNmMzMjZkNGEwOGZhXCJ9IiwiZTk3ZDcyNzQ2ZWYyMzZjOTU0OGJiOGM0NWQ0ZTRiNTYiXQ==' \/>\n            <input type='hidden' autocomplete='off' class='gform_hidden' name='gform_target_page_number_6' id='gform_target_page_number_6' value='0' \/>\n            <input type='hidden' autocomplete='off' class='gform_hidden' name='gform_source_page_number_6' id='gform_source_page_number_6' value='1' \/>\n            <input type='hidden' name='gform_field_values' value='' \/>\n            \n        <\/div>\n                        <\/form>\n                        <\/div>\n\t\t                <iframe style='display:none;width:0px;height:0px;' src='about:blank' name='gform_ajax_frame_6' id='gform_ajax_frame_6' title='This iframe contains the logic required to handle Ajax powered Gravity Forms.'><\/iframe>\n\t\t                <script type=\"text\/javascript\">\n\/* <![CDATA[ *\/\n gform.initializeOnLoaded( function() {gformInitSpinner( 6, 'https:\/\/www.sweco.fi\/wp-content\/themes\/sweco\/assets\/dist\/oval.svg', true );jQuery('#gform_ajax_frame_6').on('load',function(){var contents = jQuery(this).contents().find('*').html();var is_postback = contents.indexOf('GF_AJAX_POSTBACK') >= 0;if(!is_postback){return;}var form_content = jQuery(this).contents().find('#gform_wrapper_6');var is_confirmation = jQuery(this).contents().find('#gform_confirmation_wrapper_6').length > 0;var is_redirect = contents.indexOf('gformRedirect(){') >= 0;var is_form = form_content.length > 0 && ! is_redirect && ! is_confirmation;var mt = parseInt(jQuery('html').css('margin-top'), 10) + parseInt(jQuery('body').css('margin-top'), 10) + 100;if(is_form){jQuery('#gform_wrapper_6').html(form_content.html());if(form_content.hasClass('gform_validation_error')){jQuery('#gform_wrapper_6').addClass('gform_validation_error');} else {jQuery('#gform_wrapper_6').removeClass('gform_validation_error');}setTimeout( function() { \/* delay the scroll by 50 milliseconds to fix a bug in chrome *\/  }, 50 );if(window['gformInitDatepicker']) {gformInitDatepicker();}if(window['gformInitPriceFields']) {gformInitPriceFields();}var current_page = jQuery('#gform_source_page_number_6').val();gformInitSpinner( 6, 'https:\/\/www.sweco.fi\/wp-content\/themes\/sweco\/assets\/dist\/oval.svg', true );jQuery(document).trigger('gform_page_loaded', [6, current_page]);window['gf_submitting_6'] = false;}else if(!is_redirect){var confirmation_content = jQuery(this).contents().find('.GF_AJAX_POSTBACK').html();if(!confirmation_content){confirmation_content = contents;}jQuery('#gform_wrapper_6').replaceWith(confirmation_content);jQuery(document).trigger('gform_confirmation_loaded', [6]);window['gf_submitting_6'] = false;wp.a11y.speak(jQuery('#gform_confirmation_message_6').text());}else{jQuery('#gform_6').append(contents);if(window['gformRedirect']) {gformRedirect();}}jQuery(document).trigger(\"gform_pre_post_render\", [{ formId: \"6\", currentPage: \"current_page\", abort: function() { this.preventDefault(); } }]);        if (event && event.defaultPrevented) {                return;        }        const gformWrapperDiv = document.getElementById( \"gform_wrapper_6\" );        if ( gformWrapperDiv ) {            const visibilitySpan = document.createElement( \"span\" );            visibilitySpan.id = \"gform_visibility_test_6\";            gformWrapperDiv.insertAdjacentElement( \"afterend\", visibilitySpan );        }        const visibilityTestDiv = document.getElementById( \"gform_visibility_test_6\" );        let postRenderFired = false;        function triggerPostRender() {            if ( postRenderFired ) {                return;            }            postRenderFired = true;            gform.core.triggerPostRenderEvents( 6, current_page );            if ( visibilityTestDiv ) {                visibilityTestDiv.parentNode.removeChild( visibilityTestDiv );            }        }        function debounce( func, wait, immediate ) {            var timeout;            return function() {                var context = this, args = arguments;                var later = function() {                    timeout = null;                    if ( !immediate ) func.apply( context, args );                };                var callNow = immediate && !timeout;                clearTimeout( timeout );                timeout = setTimeout( later, wait );                if ( callNow ) func.apply( context, args );            };        }        const debouncedTriggerPostRender = debounce( function() {            triggerPostRender();        }, 200 );        if ( visibilityTestDiv && visibilityTestDiv.offsetParent === null ) {            const observer = new MutationObserver( ( mutations ) => {                mutations.forEach( ( mutation ) => {                    if ( mutation.type === 'attributes' && visibilityTestDiv.offsetParent !== null ) {                        debouncedTriggerPostRender();                        observer.disconnect();                    }                });            });            observer.observe( document.body, {                attributes: true,                childList: false,                subtree: true,                attributeFilter: [ 'style', 'class' ],            });        } else {            triggerPostRender();        }    } );} ); \n\/* ]]> *\/\n<\/script>\n                <\/div>\n            <\/div>\n        \n\t<\/div>\n<\/section>\n","protected":false},"excerpt":{"rendered":"","protected":false},"author":41,"featured_media":74816,"parent":25043,"menu_order":0,"comment_status":"closed","ping_status":"closed","template":"","meta":{"_acf_changed":false,"_seopress_robots_primary_cat":"","_seopress_titles_title":"REACH-services - Sweco","_seopress_titles_desc":"Ensure your chemical safety and regulatory compliance. Contact our experts!","_seopress_robots_index":"","footnotes":""},"class_list":["post-74817","page","type-page","status-publish","has-post-thumbnail","hentry"],"acf":[],"_links":{"self":[{"href":"https:\/\/www.sweco.fi\/en\/wp-json\/wp\/v2\/pages\/74817","targetHints":{"allow":["GET"]}}],"collection":[{"href":"https:\/\/www.sweco.fi\/en\/wp-json\/wp\/v2\/pages"}],"about":[{"href":"https:\/\/www.sweco.fi\/en\/wp-json\/wp\/v2\/types\/page"}],"author":[{"embeddable":true,"href":"https:\/\/www.sweco.fi\/en\/wp-json\/wp\/v2\/users\/41"}],"replies":[{"embeddable":true,"href":"https:\/\/www.sweco.fi\/en\/wp-json\/wp\/v2\/comments?post=74817"}],"version-history":[{"count":6,"href":"https:\/\/www.sweco.fi\/en\/wp-json\/wp\/v2\/pages\/74817\/revisions"}],"predecessor-version":[{"id":74853,"href":"https:\/\/www.sweco.fi\/en\/wp-json\/wp\/v2\/pages\/74817\/revisions\/74853"}],"up":[{"embeddable":true,"href":"https:\/\/www.sweco.fi\/en\/wp-json\/wp\/v2\/pages\/25043"}],"wp:featuredmedia":[{"embeddable":true,"href":"https:\/\/www.sweco.fi\/en\/wp-json\/wp\/v2\/media\/74816"}],"wp:attachment":[{"href":"https:\/\/www.sweco.fi\/en\/wp-json\/wp\/v2\/media?parent=74817"}],"curies":[{"name":"wp","href":"https:\/\/api.w.org\/{rel}","templated":true}]}}